{"id":63,"date":"2023-08-17T23:27:19","date_gmt":"2023-08-17T23:27:19","guid":{"rendered":"http:\/\/www.enfermeria.umich.mx\/?page_id=63"},"modified":"2026-02-26T09:17:08","modified_gmt":"2026-02-26T15:17:08","slug":"posgrados","status":"publish","type":"page","link":"http:\/\/www.enfermeria.umich.mx\/index.php\/posgrados\/","title":{"rendered":"Maestr\u00eda"},"content":{"rendered":"\n<div class=\"wp-block-stackable-columns stk-block-columns stk-block stk-e0c9ac7\" data-block-id=\"e0c9ac7\"><style>.stk-e0c9ac7 {margin-bottom:40px !important;}.stk-e0c9ac7-column{--stk-columns-spacing:0px !important;--stk-column-gap:40px !important;}<\/style><div class=\"stk-row stk-inner-blocks stk-block-content stk-content-align stk-e0c9ac7-column\">\n<div class=\"wp-block-stackable-column stk-block-column stk-column stk-block stk-bf30eba\" data-v=\"4\" data-block-id=\"bf30eba\"><div class=\"stk-column-wrapper stk-block-column__content stk-container stk-bf30eba-container stk--no-background stk--no-padding\"><div class=\"stk-block-content stk-inner-blocks stk-bf30eba-inner-blocks\">\n<p>La Facultad de Enfermer\u00eda de la Universidad Michoacana de San Nicol\u00e1s de Hidalgo oferta la <strong>Maestr\u00eda en Enfermer\u00eda<\/strong>, un programa de excelencia dise\u00f1ado para profesionales que aspiran a trascender en los \u00e1mbitos acad\u00e9mico, cient\u00edfico y directivo. A trav\u00e9s de un plan de estudios de <strong>cuatro semestres<\/strong>, el programa integra la investigaci\u00f3n cient\u00edfica, el an\u00e1lisis epidemiol\u00f3gico y la gesti\u00f3n de proyectos estrat\u00e9gicos. <\/p>\n\n\n\n<p>M\u00e1s que un grado acad\u00e9mico, es una plataforma para desarrollar autoridad profesional con una visi\u00f3n transformadora que aporte soluciones reales al sistema de salud. Nuestro enfoque trasciende el aula: es un espacio para investigar, liderar y transformar el ejercicio profesional.<\/p>\n\n\n\n<h2 class=\"wp-block-heading\">Requisitos de Ingreso<\/h2>\n\n\n\n<ul class=\"wp-block-list\">\n<li>T\u00edtulo y c\u00e9dula profesional de Licenciada\/o en Enfermer\u00eda.<\/li>\n\n\n\n<li>Memor\u00e1ndum de calificaciones.<\/li>\n\n\n\n<li>Cumplir con los criterios de admisi\u00f3n de este posgrado y asistir al curso proped\u00e9utico programado por esta dependencia.<\/li>\n\n\n\n<li>Curso de ingl\u00e9s t\u00e9cnico m\u00e9dico.<\/li>\n\n\n\n<li>Resultados del EXANI III (CENEVAL).<\/li>\n<\/ul>\n\n\n\n<p><\/p>\n<\/div><\/div><\/div>\n\n\n\n<div class=\"wp-block-stackable-column stk-block-column stk-column stk-block stk-7021479\" data-v=\"4\" data-block-id=\"7021479\"><style>.stk-7021479-container{margin-top:0px !important;margin-right:0px !important;margin-bottom:0px !important;margin-left:0px !important;}<\/style><div class=\"stk-column-wrapper stk-block-column__content stk-container stk-7021479-container stk--no-background stk--no-padding\"><div class=\"stk-block-content stk-inner-blocks stk-7021479-inner-blocks\">\n<figure class=\"wp-block-image size-large is-resized\"><img loading=\"lazy\" decoding=\"async\" width=\"817\" height=\"1024\" data-attachment-id=\"5904\" data-permalink=\"http:\/\/www.enfermeria.umich.mx\/index.php\/posgrados\/maestria-2\/\" data-orig-file=\"http:\/\/www.enfermeria.umich.mx\/wp-content\/uploads\/2026\/02\/Maestria-1.png\" data-orig-size=\"1000,1254\" data-comments-opened=\"1\" data-image-meta=\"{&quot;aperture&quot;:&quot;0&quot;,&quot;credit&quot;:&quot;&quot;,&quot;camera&quot;:&quot;&quot;,&quot;caption&quot;:&quot;&quot;,&quot;created_timestamp&quot;:&quot;0&quot;,&quot;copyright&quot;:&quot;&quot;,&quot;focal_length&quot;:&quot;0&quot;,&quot;iso&quot;:&quot;0&quot;,&quot;shutter_speed&quot;:&quot;0&quot;,&quot;title&quot;:&quot;&quot;,&quot;orientation&quot;:&quot;0&quot;}\" data-image-title=\"Maestri\u0301a\" data-image-description=\"\" data-image-caption=\"\" data-large-file=\"http:\/\/www.enfermeria.umich.mx\/wp-content\/uploads\/2026\/02\/Maestria-1-817x1024.png\" src=\"http:\/\/www.enfermeria.umich.mx\/wp-content\/uploads\/2026\/02\/Maestria-1-817x1024.png\" alt=\"\" class=\"wp-image-5904\" style=\"aspect-ratio:0.7978529997402822;width:584px;height:auto\" srcset=\"http:\/\/www.enfermeria.umich.mx\/wp-content\/uploads\/2026\/02\/Maestria-1-817x1024.png 817w, http:\/\/www.enfermeria.umich.mx\/wp-content\/uploads\/2026\/02\/Maestria-1-239x300.png 239w, http:\/\/www.enfermeria.umich.mx\/wp-content\/uploads\/2026\/02\/Maestria-1.png 1000w\" sizes=\"auto, (max-width: 817px) 100vw, 817px\" \/><\/figure>\n<\/div><\/div><\/div>\n<\/div><\/div>\n\n\n\n<div class=\"wp-block-stackable-divider stk-block-divider stk-block stk-c82e731\" data-block-id=\"c82e731\"><hr class=\"stk-block-divider__hr\"\/><\/div>\n\n\n\n<h2 class=\"wp-block-heading has-text-align-left\">Plan de Estudio<\/h2>\n\n\n\n<p><\/p>\n\n\n\n<div class=\"wp-block-stackable-columns stk-block-columns stk-block stk-19e861a\" data-block-id=\"19e861a\"><style>.stk-19e861a {margin-bottom:41px !important;}.stk-19e861a-column{--stk-columns-spacing:0px !important;--stk-column-gap:48px !important;}<\/style><div class=\"stk-row stk-inner-blocks stk-block-content stk-content-align stk-19e861a-column\">\n<div class=\"wp-block-stackable-column stk-block-column stk-column stk-block stk-7b0e35a\" data-v=\"4\" data-block-id=\"7b0e35a\"><div class=\"stk-column-wrapper stk-block-column__content stk-container stk-7b0e35a-container stk--no-background stk--no-padding\"><div class=\"stk-block-content stk-inner-blocks stk-7b0e35a-inner-blocks\">\n<div class=\"wp-block-group has-global-padding is-layout-constrained wp-block-group-is-layout-constrained\" style=\"box-shadow:var(--wp--preset--shadow--natural)\">\n<div class=\"wp-block-group has-global-padding is-layout-constrained wp-block-group-is-layout-constrained\" style=\"box-shadow:var(--wp--preset--shadow--natural)\">\n<h3 class=\"wp-block-heading\">Primer Semestre<\/h3>\n\n\n\n<ul style=\"background-color:#7a7a7a\" class=\"wp-block-list has-white-color has-text-color has-background has-link-color wp-elements-9a701783dcf196fb35ce6269fdca1bb7\">\n<li><strong>Perspectivas en Enfermer\u00eda<\/strong><\/li>\n\n\n\n<li><strong>Sociedad, Cultura, Econom\u00eda y Salud<\/strong><\/li>\n\n\n\n<li><strong>Estad\u00edstica y M\u00e9todos<\/strong><\/li>\n\n\n\n<li><strong>Metodolog\u00eda de la Investigaci\u00f3n I<\/strong><\/li>\n<\/ul>\n\n\n\n<div class=\"wp-block-group has-global-padding is-layout-constrained wp-block-group-is-layout-constrained\" style=\"box-shadow:none\">\n<p><\/p>\n\n\n\n<h3 class=\"wp-block-heading\">Segundo Semestre<\/h3>\n\n\n\n<ul style=\"background-color:#5c5c5c\" class=\"wp-block-list has-white-color has-text-color has-background has-link-color wp-elements-7a7bb31f523df401ce5e108820528d9a\">\n<li><strong>Metodolog\u00eda de la Investigaci\u00f3n II<\/strong><\/li>\n\n\n\n<li><strong>Proceso de Enfermer\u00eda<\/strong><\/li>\n\n\n\n<li><strong>Teor\u00edas y M\u00e9todos del Proceso de Aprender<\/strong><\/li>\n\n\n\n<li><strong>Epidemiolog\u00eda y Salud<\/strong><\/li>\n<\/ul>\n<\/div>\n<\/div>\n\n\n\n<p><\/p>\n\n\n\n<h3 class=\"wp-block-heading\">Tercer Semestre<\/h3>\n\n\n\n<ul style=\"background-color:#4d4d4d\" class=\"wp-block-list has-white-color has-text-color has-background has-link-color wp-elements-e1fce19d215b020437e665c54557fa90\">\n<li><strong>Difusi\u00f3n del Conocimiento Cient\u00edfico<\/strong><\/li>\n\n\n\n<li><strong>Educaci\u00f3n para la Salud<\/strong><\/li>\n\n\n\n<li><strong>Materia Optativa I<\/strong><\/li>\n\n\n\n<li><strong>Metodolog\u00eda de la Investigaci\u00f3n III<\/strong><\/li>\n<\/ul>\n\n\n\n<h3 class=\"wp-block-heading\">Cuarto Semestre<\/h3>\n\n\n\n<ul style=\"background-color:#393939\" class=\"wp-block-list has-white-color has-text-color has-background has-link-color wp-elements-8e5846bcfd9bddf0075bbd364c6fc7fa\">\n<li><strong><strong>Seminario de Calidad en Salud<\/strong><\/strong><\/li>\n\n\n\n<li><strong><strong>Materia Optativa II<\/strong><\/strong><\/li>\n\n\n\n<li><strong><strong>Temas Selectos de Investigaci\u00f3n<\/strong><\/strong><\/li>\n\n\n\n<li><strong><strong>Seminario de Tesis<\/strong><\/strong><\/li>\n<\/ul>\n<\/div>\n<\/div><\/div><\/div>\n\n\n\n<div class=\"wp-block-stackable-column stk-block-column stk-column stk-block stk-ee63961\" data-v=\"4\" data-block-id=\"ee63961\"><style>.stk-ee63961-container{margin-top:0px !important;margin-right:0px !important;margin-bottom:0px !important;margin-left:0px !important;}.stk-ee63961-inner-blocks{row-gap:0px !important;}<\/style><div class=\"stk-column-wrapper stk-block-column__content stk-container stk-ee63961-container stk--no-background stk--no-padding\"><div class=\"stk-block-content stk-inner-blocks stk-ee63961-inner-blocks\">\n<figure class=\"wp-block-image aligncenter size-full is-resized has-custom-border\" style=\"margin-top:var(--wp--preset--spacing--small);margin-bottom:var(--wp--preset--spacing--small)\"><img loading=\"lazy\" decoding=\"async\" width=\"672\" height=\"864\" data-attachment-id=\"5933\" data-permalink=\"http:\/\/www.enfermeria.umich.mx\/index.php\/posgrados\/enfermera-geminis\/\" data-orig-file=\"http:\/\/www.enfermeria.umich.mx\/wp-content\/uploads\/2026\/02\/Enfermera-Geminis.png\" data-orig-size=\"672,864\" data-comments-opened=\"1\" data-image-meta=\"{&quot;aperture&quot;:&quot;0&quot;,&quot;credit&quot;:&quot;&quot;,&quot;camera&quot;:&quot;&quot;,&quot;caption&quot;:&quot;&quot;,&quot;created_timestamp&quot;:&quot;0&quot;,&quot;copyright&quot;:&quot;&quot;,&quot;focal_length&quot;:&quot;0&quot;,&quot;iso&quot;:&quot;0&quot;,&quot;shutter_speed&quot;:&quot;0&quot;,&quot;title&quot;:&quot;&quot;,&quot;orientation&quot;:&quot;0&quot;}\" data-image-title=\"Enfermera Ge\u0301minis\" data-image-description=\"\" data-image-caption=\"\" data-large-file=\"http:\/\/www.enfermeria.umich.mx\/wp-content\/uploads\/2026\/02\/Enfermera-Geminis.png\" src=\"http:\/\/www.enfermeria.umich.mx\/wp-content\/uploads\/2026\/02\/Enfermera-Geminis.png\" alt=\"\" class=\"wp-image-5933\" style=\"border-style:none;border-width:0px;border-top-left-radius:0px;border-top-right-radius:0px;border-bottom-left-radius:0px;border-bottom-right-radius:0px;box-shadow:none;aspect-ratio:0.7777927261312166;width:410px;height:auto\" srcset=\"http:\/\/www.enfermeria.umich.mx\/wp-content\/uploads\/2026\/02\/Enfermera-Geminis.png 672w, http:\/\/www.enfermeria.umich.mx\/wp-content\/uploads\/2026\/02\/Enfermera-Geminis-233x300.png 233w\" sizes=\"auto, (max-width: 672px) 100vw, 672px\" \/><\/figure>\n\n\n\n<h2 class=\"wp-block-heading\">L\u00edneas de Especializaci\u00f3n (Terminales):<\/h2>\n\n\n\n<ul class=\"wp-block-list has-white-background-color has-background has-medium-font-size\">\n<li>Gesti\u00f3n, Direcci\u00f3n y Liderazgo en Enfermer\u00eda<\/li>\n\n\n\n<li>Salud Reproductiva<\/li>\n\n\n\n<li>Salud P\u00fablica<\/li>\n\n\n\n<li class=\"has-white-background-color has-background\">Adulto Mayor<\/li>\n<\/ul>\n\n\n\n<p><\/p>\n\n\n\n<figure class=\"wp-block-image aligncenter size-large is-resized\"><img loading=\"lazy\" decoding=\"async\" width=\"922\" height=\"1024\" data-attachment-id=\"4819\" data-permalink=\"http:\/\/www.enfermeria.umich.mx\/index.php\/servicio-social-2\/image-3\/\" data-orig-file=\"http:\/\/www.enfermeria.umich.mx\/wp-content\/uploads\/2026\/01\/image-1.png\" data-orig-size=\"2000,2222\" data-comments-opened=\"1\" data-image-meta=\"{&quot;aperture&quot;:&quot;0&quot;,&quot;credit&quot;:&quot;&quot;,&quot;camera&quot;:&quot;&quot;,&quot;caption&quot;:&quot;&quot;,&quot;created_timestamp&quot;:&quot;0&quot;,&quot;copyright&quot;:&quot;&quot;,&quot;focal_length&quot;:&quot;0&quot;,&quot;iso&quot;:&quot;0&quot;,&quot;shutter_speed&quot;:&quot;0&quot;,&quot;title&quot;:&quot;&quot;,&quot;orientation&quot;:&quot;0&quot;}\" data-image-title=\"image\" data-image-description=\"\" data-image-caption=\"\" data-large-file=\"http:\/\/www.enfermeria.umich.mx\/wp-content\/uploads\/2026\/01\/image-1-922x1024.png\" src=\"http:\/\/www.enfermeria.umich.mx\/wp-content\/uploads\/2026\/01\/image-1-922x1024.png\" alt=\"\" class=\"wp-image-4819\" style=\"width:40px\" srcset=\"http:\/\/www.enfermeria.umich.mx\/wp-content\/uploads\/2026\/01\/image-1-922x1024.png 922w, http:\/\/www.enfermeria.umich.mx\/wp-content\/uploads\/2026\/01\/image-1-270x300.png 270w, http:\/\/www.enfermeria.umich.mx\/wp-content\/uploads\/2026\/01\/image-1.png 2000w\" sizes=\"auto, (max-width: 922px) 100vw, 922px\" \/><\/figure>\n<\/div><\/div><\/div>\n<\/div><\/div>\n\n\n\n<div class=\"wp-block-stackable-divider stk-block-divider stk-block stk-90203e6\" data-block-id=\"90203e6\"><hr class=\"stk-block-divider__hr\"\/><\/div>\n\n\n\n<p><\/p>\n","protected":false},"excerpt":{"rendered":"<p>La Facultad de Enfermer\u00eda de la Universidad Michoacana de San Nicol\u00e1s de Hidalgo oferta la Maestr\u00eda en Enfermer\u00eda, un programa de excelencia dise\u00f1ado para profesionales que aspiran a trascender en los \u00e1mbitos acad\u00e9mico, cient\u00edfico y directivo. A trav\u00e9s de un plan de estudios de cuatro semestres, el programa integra la investigaci\u00f3n cient\u00edfica, el an\u00e1lisis epidemiol\u00f3gico &hellip; <\/p>\n<p class=\"link-more\"><a href=\"http:\/\/www.enfermeria.umich.mx\/index.php\/posgrados\/\" class=\"more-link\">Leer m\u00e1s<span class=\"screen-reader-text\"> \u00abMaestr\u00eda\u00bb<\/span><\/a><\/p>\n","protected":false},"author":2,"featured_media":0,"parent":0,"menu_order":0,"comment_status":"closed","ping_status":"closed","template":"","meta":{"inspiro_hide_title":false,"footnotes":""},"class_list":["post-63","page","type-page","status-publish","hentry"],"jetpack_likes_enabled":true,"jetpack_sharing_enabled":true,"_links":{"self":[{"href":"http:\/\/www.enfermeria.umich.mx\/index.php\/wp-json\/wp\/v2\/pages\/63","targetHints":{"allow":["GET"]}}],"collection":[{"href":"http:\/\/www.enfermeria.umich.mx\/index.php\/wp-json\/wp\/v2\/pages"}],"about":[{"href":"http:\/\/www.enfermeria.umich.mx\/index.php\/wp-json\/wp\/v2\/types\/page"}],"author":[{"embeddable":true,"href":"http:\/\/www.enfermeria.umich.mx\/index.php\/wp-json\/wp\/v2\/users\/2"}],"replies":[{"embeddable":true,"href":"http:\/\/www.enfermeria.umich.mx\/index.php\/wp-json\/wp\/v2\/comments?post=63"}],"version-history":[{"count":79,"href":"http:\/\/www.enfermeria.umich.mx\/index.php\/wp-json\/wp\/v2\/pages\/63\/revisions"}],"predecessor-version":[{"id":5954,"href":"http:\/\/www.enfermeria.umich.mx\/index.php\/wp-json\/wp\/v2\/pages\/63\/revisions\/5954"}],"wp:attachment":[{"href":"http:\/\/www.enfermeria.umich.mx\/index.php\/wp-json\/wp\/v2\/media?parent=63"}],"curies":[{"name":"wp","href":"https:\/\/api.w.org\/{rel}","templated":true}]}}