{"id":61,"date":"2023-08-17T23:22:55","date_gmt":"2023-08-17T23:22:55","guid":{"rendered":"http:\/\/www.enfermeria.umich.mx\/?page_id=61"},"modified":"2026-02-24T09:33:32","modified_gmt":"2026-02-24T15:33:32","slug":"programa-complementario-de-licenciatura","status":"publish","type":"page","link":"http:\/\/www.enfermeria.umich.mx\/index.php\/programa-complementario-de-licenciatura\/","title":{"rendered":"Complementario"},"content":{"rendered":"\n<div class=\"wp-block-stackable-columns stk-block-columns stk-block stk-d80f0c5\" data-block-id=\"d80f0c5\"><style>.stk-d80f0c5 {margin-bottom:34px !important;}.stk-d80f0c5-column{--stk-column-gap:40px !important;}<\/style><div class=\"stk-row stk-inner-blocks stk-block-content stk-content-align stk-d80f0c5-column\">\n<div class=\"wp-block-stackable-column stk-block-column stk-column stk-block stk-b260b51\" data-v=\"4\" data-block-id=\"b260b51\"><style>.stk-b260b51-container{margin-top:0px !important;margin-right:0px !important;margin-bottom:0px !important;margin-left:0px !important;}<\/style><div class=\"stk-column-wrapper stk-block-column__content stk-container stk-b260b51-container stk--no-background stk--no-padding\"><div class=\"stk-block-content stk-inner-blocks stk-b260b51-inner-blocks\">\n<p>El Curso del Programa Complementario de la Licenciatura en Enfermer\u00eda <strong>(ProCLE)<\/strong> representa una s\u00f3lida alternativa para la profesionalizaci\u00f3n y actualizaci\u00f3n de Nivel T\u00e9cnico a Licenciatura, de quienes laboran en las \u00e1reas asistencial, comunitaria o en el ejercicio libre de la profesi\u00f3n. La Facultad de Enfermer\u00eda mantiene una estrecha <strong>vinculaci\u00f3n interinstitucional con el sector salud<\/strong> para facilitar que el personal en activo obtenga el grado de Licenciatura. Fomentando la continuidad acad\u00e9mica proporcionando a los participantes las herramientas necesarias para su profesionalizaci\u00f3n, impuls\u00e1ndolos a alcanzar niveles superiores de estudio, tales como posgrados y especializaciones.<\/p>\n\n\n\n<p><strong>-&gt; Ir al <a href=\"https:\/\/drive.google.com\/file\/d\/1ctHCa6y547XUy7zf6xg7evWZStLz7bO6\/view\" target=\"_blank\" rel=\"noreferrer noopener nofollow\">Instructivo del Curso Complementario ciclo escolar 2026-2027<\/a><\/strong><\/p>\n\n\n\n<p><\/p>\n\n\n\n<h2 class=\"wp-block-heading\">Objetivos<\/h2>\n\n\n\n<p>Los siguientes objetivos definen los fines educativos que la Facultad establece para moldear el perfil profesional del egresado en este curso complementario:<\/p>\n\n\n\n<ul style=\"border-style:none;border-width:0px;margin-top:0;margin-right:0;margin-bottom:0;margin-left:0\" class=\"wp-block-list\">\n<li style=\"margin-top:var(--wp--preset--spacing--x-small);margin-bottom:var(--wp--preset--spacing--x-small)\">Orientar el proceso de ense\u00f1anza-aprendizaje hacia la promoci\u00f3n de la salud, priorizando la prevenci\u00f3n sobre el enfoque cl\u00ednico de la enfermedad.<\/li>\n\n\n\n<li style=\"margin-top:var(--wp--preset--spacing--x-small);margin-bottom:var(--wp--preset--spacing--x-small)\">Dar prioridad a los valores, demandas y necesidades de la comunidad dentro del proceso educativo.<\/li>\n\n\n\n<li style=\"margin-top:var(--wp--preset--spacing--x-small);margin-bottom:var(--wp--preset--spacing--x-small)\">Identificar las necesidades sociales actuales para que la profesi\u00f3n de enfermer\u00eda enfrente con \u00e9xito los retos de la sociedad contempor\u00e1nea.<\/li>\n\n\n\n<li style=\"margin-top:var(--wp--preset--spacing--x-small);margin-bottom:var(--wp--preset--spacing--x-small)\">Privilegiar la formaci\u00f3n orientada a la atenci\u00f3n de grupos poblacionales y colectivos, complementando la atenci\u00f3n individualizada tradicional.<\/li>\n\n\n\n<li>Proveer una formaci\u00f3n integral y din\u00e1mica, alineada con las transformaciones constantes de la sociedad y las exigencias de los sectores salud y educativo.<br><br><\/li>\n<\/ul>\n\n\n\n<h2 class=\"wp-block-heading\"><br>Plan de Estudio<\/h2>\n\n\n\n<p>Bajo el marco filos\u00f3fico de vinculaci\u00f3n acad\u00e9mica, cultural y de investigaci\u00f3n de la Universidad Michoacana de San Nicol\u00e1s de Hidalgo, este plan de estudios integra los semestres s\u00e9ptimo y octavo. Con una <strong>duraci\u00f3n de un a\u00f1o<\/strong>, el programa permite completar los ocho ciclos requeridos para la obtenci\u00f3n del grado acad\u00e9mico, bajo la siguiente estructura curricular:<\/p>\n\n\n\n<h3 class=\"wp-block-heading\">S\u00e9ptimo Semestre<\/h3>\n\n\n\n<ul class=\"wp-block-list has-white-background-color has-background\">\n<li>Comunicaci\u00f3n y Relaciones Humanas<\/li>\n\n\n\n<li>Antropolog\u00eda Social<\/li>\n\n\n\n<li>Psicolog\u00eda de la Motivaci\u00f3n<\/li>\n\n\n\n<li>Bioestad\u00edstica<\/li>\n\n\n\n<li>Metodolog\u00eda de la Investigaci\u00f3n<\/li>\n\n\n\n<li>Atenci\u00f3n Primaria a la Salud (con 75 hrs de pr\u00e1ctica)<\/li>\n<\/ul>\n\n\n\n<p><\/p>\n\n\n\n<h3 class=\"wp-block-heading\">Octavo Semestre<\/h3>\n\n\n\n<ul class=\"wp-block-list has-white-background-color has-background\">\n<li>Epidemiolog\u00eda II<\/li>\n\n\n\n<li>Educaci\u00f3n para la salud<\/li>\n\n\n\n<li>Seminario de Investigaci\u00f3n<\/li>\n\n\n\n<li>Administraci\u00f3n y Formaci\u00f3n de Recursos Humanos en <span style=\"color: #0f0e17;\" class=\"stk-highlight\">Enfermer\u00eda<\/span> (96 horas de Pr\u00e1ctica)<\/li>\n<\/ul>\n\n\n\n<p>NOTA: Para esta modalidad la <strong>calificaci\u00f3n m\u00ednima <\/strong>aprobatoria es de <strong>8.0<\/strong>.<\/p>\n<\/div><\/div><\/div>\n\n\n\n<div class=\"wp-block-stackable-column stk-block-column stk-column stk-block stk-3ec99fb\" data-v=\"4\" data-block-id=\"3ec99fb\"><style>.stk-3ec99fb-container{margin-top:0px !important;margin-right:0px !important;margin-bottom:0px !important;margin-left:0px !important;}<\/style><div class=\"stk-column-wrapper stk-block-column__content stk-container stk-3ec99fb-container stk--no-background stk--no-padding\"><div class=\"stk-block-content stk-inner-blocks stk-3ec99fb-inner-blocks\">\n<figure class=\"wp-block-image aligncenter size-large is-resized\"><img loading=\"lazy\" decoding=\"async\" width=\"789\" height=\"1024\" data-attachment-id=\"5190\" data-permalink=\"http:\/\/www.enfermeria.umich.mx\/index.php\/programa-complementario-de-licenciatura\/complementario0-5x\/\" data-orig-file=\"http:\/\/www.enfermeria.umich.mx\/wp-content\/uploads\/2026\/02\/Complementario@0.5x-scaled.png\" data-orig-size=\"1973,2560\" data-comments-opened=\"1\" data-image-meta=\"{&quot;aperture&quot;:&quot;0&quot;,&quot;credit&quot;:&quot;&quot;,&quot;camera&quot;:&quot;&quot;,&quot;caption&quot;:&quot;&quot;,&quot;created_timestamp&quot;:&quot;0&quot;,&quot;copyright&quot;:&quot;&quot;,&quot;focal_length&quot;:&quot;0&quot;,&quot;iso&quot;:&quot;0&quot;,&quot;shutter_speed&quot;:&quot;0&quot;,&quot;title&quot;:&quot;&quot;,&quot;orientation&quot;:&quot;0&quot;}\" data-image-title=\"Complementario@0.5x\" data-image-description=\"\" data-image-caption=\"\" data-medium-file=\"http:\/\/www.enfermeria.umich.mx\/wp-content\/uploads\/2026\/02\/Complementario@0.5x-231x300.png\" data-large-file=\"http:\/\/www.enfermeria.umich.mx\/wp-content\/uploads\/2026\/02\/Complementario@0.5x-789x1024.png\" src=\"http:\/\/www.enfermeria.umich.mx\/wp-content\/uploads\/2026\/02\/Complementario@0.5x-789x1024.png\" alt=\"\" class=\"wp-image-5190\" style=\"aspect-ratio:0.7568460344201103;width:606px;height:auto\" srcset=\"http:\/\/www.enfermeria.umich.mx\/wp-content\/uploads\/2026\/02\/Complementario@0.5x-789x1024.png 789w, http:\/\/www.enfermeria.umich.mx\/wp-content\/uploads\/2026\/02\/Complementario@0.5x-231x300.png 231w, http:\/\/www.enfermeria.umich.mx\/wp-content\/uploads\/2026\/02\/Complementario@0.5x-2000x2594.png 2000w, http:\/\/www.enfermeria.umich.mx\/wp-content\/uploads\/2026\/02\/Complementario@0.5x-scaled.png 1973w\" sizes=\"auto, (max-width: 789px) 100vw, 789px\" \/><\/figure>\n\n\n\n<h2 class=\"wp-block-heading\">Modalidades del Curso<\/h2>\n\n\n\n<h3 class=\"wp-block-heading\">Semipresencial<\/h3>\n\n\n\n<p>Esta modalidad se desarrolla durante <strong>12 meses<\/strong> mediante asesor\u00edas presenciales de cinco horas, impartidas un d\u00eda a la semana (s\u00e1bados). Se ofrece en dos opciones de sede:<\/p>\n\n\n\n<ul class=\"wp-block-list\">\n<li><strong>Sede Local:<\/strong> Las sesiones se llevan a cabo en las instalaciones de la Facultad de Enfermer\u00eda de la Universidad Michoacana de San Nicol\u00e1s de Hidalgo (UMSNH).<br><br><\/li>\n\n\n\n<li><strong>Sedes For\u00e1neas:<\/strong> El programa puede impartirse en el lugar de origen de los interesados, siempre que se integre un <strong>grupo m\u00ednimo de 20 estudiantes<\/strong>. En este caso, la sede solicitante asumir\u00e1 la gesti\u00f3n del espacio f\u00edsico, as\u00ed como los vi\u00e1ticos del coordinador y los docentes.<\/li>\n<\/ul>\n\n\n\n<h3 class=\"wp-block-heading\">A Distancia<\/h3>\n\n\n\n<p>Dise\u00f1ada para ofrecer flexibilidad total, esta modalidad requiere la realizaci\u00f3n de actividades diarias a trav\u00e9s de la plataforma virtual <strong><em>Moodle &#8211; Telenfermer\u00eda<\/em><\/strong>, contando siempre con el acompa\u00f1amiento y gu\u00eda de un asesor virtual.<\/p>\n\n\n\n<p>Las actividades se activan por semana los mi\u00e9rcoles, cerrando el d\u00eda martes de la siguiente semana, el alumno puede acceder las 24 horas del d\u00eda a los contenidos desde cualquier equipo de c\u00f3mputo convencional, incluso fines de semana y d\u00edas festivos.<\/p>\n\n\n\n<figure class=\"wp-block-image aligncenter size-large is-resized\" style=\"margin-top:0;margin-bottom:0\"><a href=\"http:\/\/www.telenfermeria.umich.mx\/\"><img loading=\"lazy\" decoding=\"async\" width=\"1024\" height=\"354\" data-attachment-id=\"5213\" data-permalink=\"http:\/\/www.enfermeria.umich.mx\/index.php\/programa-complementario-de-licenciatura\/telenfermeria-2\/\" data-orig-file=\"http:\/\/www.enfermeria.umich.mx\/wp-content\/uploads\/2026\/02\/Telenfermeria.png\" data-orig-size=\"1919,663\" data-comments-opened=\"1\" data-image-meta=\"{&quot;aperture&quot;:&quot;0&quot;,&quot;credit&quot;:&quot;&quot;,&quot;camera&quot;:&quot;&quot;,&quot;caption&quot;:&quot;&quot;,&quot;created_timestamp&quot;:&quot;0&quot;,&quot;copyright&quot;:&quot;&quot;,&quot;focal_length&quot;:&quot;0&quot;,&quot;iso&quot;:&quot;0&quot;,&quot;shutter_speed&quot;:&quot;0&quot;,&quot;title&quot;:&quot;&quot;,&quot;orientation&quot;:&quot;0&quot;}\" data-image-title=\"Telenfermeri\u0301a\" data-image-description=\"\" data-image-caption=\"\" data-medium-file=\"http:\/\/www.enfermeria.umich.mx\/wp-content\/uploads\/2026\/02\/Telenfermeria-300x104.png\" data-large-file=\"http:\/\/www.enfermeria.umich.mx\/wp-content\/uploads\/2026\/02\/Telenfermeria-1024x354.png\" src=\"http:\/\/www.enfermeria.umich.mx\/wp-content\/uploads\/2026\/02\/Telenfermeria-1024x354.png\" alt=\"\" class=\"wp-image-5213\" style=\"aspect-ratio:2.8927466700334574;width:706px;height:auto\" srcset=\"http:\/\/www.enfermeria.umich.mx\/wp-content\/uploads\/2026\/02\/Telenfermeria-1024x354.png 1024w, http:\/\/www.enfermeria.umich.mx\/wp-content\/uploads\/2026\/02\/Telenfermeria-300x104.png 300w, http:\/\/www.enfermeria.umich.mx\/wp-content\/uploads\/2026\/02\/Telenfermeria.png 1919w\" sizes=\"auto, (max-width: 1024px) 100vw, 1024px\" \/><\/a><\/figure>\n\n\n\n<p>NOTA: para esta modalidad <strong>se requieren de conocimientos en inform\u00e1tica<\/strong> por parte del aspirante.<\/p>\n<\/div><\/div><\/div>\n<\/div><\/div>\n\n\n\n<div class=\"wp-block-stackable-divider stk-block-divider stk-block stk-3cbcf78\" data-block-id=\"3cbcf78\"><style>.stk-3cbcf78 {margin-bottom:2px !important;}<\/style><hr class=\"stk-block-divider__hr\"\/><\/div>\n\n\n\n<div class=\"wp-block-stackable-columns stk-block-columns stk-block stk-bae5ba8\" data-block-id=\"bae5ba8\"><style>.stk-bae5ba8 {margin-bottom:39px !important;}.stk-bae5ba8-column{--stk-columns-spacing:0px !important;--stk-column-gap:40px !important;}<\/style><div class=\"stk-row stk-inner-blocks stk-block-content stk-content-align stk-bae5ba8-column\">\n<div class=\"wp-block-stackable-column stk-block-column stk-column stk-block stk-76e529b\" data-v=\"4\" data-block-id=\"76e529b\"><style>.stk-76e529b-container{margin-top:0px !important;margin-right:0px !important;margin-bottom:0px !important;margin-left:0px !important;}<\/style><div class=\"stk-column-wrapper stk-block-column__content stk-container stk-76e529b-container stk--no-background stk--no-padding\"><div class=\"stk-block-content stk-inner-blocks stk-76e529b-inner-blocks\">\n<h2 class=\"wp-block-heading\">Requisitos de Ingreso<\/h2>\n\n\n\n<p>Los aspirantes al Curso Complementario deber\u00e1n cubrir los siguientes requisitos:<\/p>\n\n\n\n<ol class=\"wp-block-list\">\n<li>Acta de Nacimiento (Reciente)<\/li>\n\n\n\n<li>CURP<\/li>\n\n\n\n<li>Certificado de Bachillerato (Ciencias Qu\u00edmico- Biol\u00f3gicas, bachillerato general)<\/li>\n\n\n\n<li>Certificado de Carrera T\u00e9cnica de enfermer\u00eda con promedio m\u00ednimo de 7.0<\/li>\n\n\n\n<li>T\u00edtulo de t\u00e9cnico profesional y\/o bachiller de enfermer\u00eda<\/li>\n\n\n\n<li>C\u00e9dula Profesional<\/li>\n\n\n\n<li>Constancia Laboral vigente, m\u00ednimo con dos a\u00f1os de antig\u00fcedad expedida por el departamento de RH de la instituci\u00f3n donde labora<\/li>\n\n\n\n<li>Nombramiento Federal de Servicio Social de Carrera t\u00e9cnica<\/li>\n\n\n\n<li>Constancia de T\u00e9rmino de servicio social de Carrera t\u00e9cnica<\/li>\n\n\n\n<li class=\"has-white-color has-text-color has-link-color wp-elements-fbd2e915b62f69581ee3560a1301175b\">Mapa curricular y plan de estudios desglosado.<\/li>\n<\/ol>\n\n\n\n<p>Todos los documentos son en original con 3 juegos de copias. El Mapa curricular debe de llevar descrito las horas y cr\u00e9ditos de tu carrera t\u00e9cnica, (solicitarlo en la escuela donde egres\u00f3).<\/p>\n\n\n\n<h2 class=\"wp-block-heading\">Servicio Social<\/h2>\n\n\n\n<p>Una vez concluido el a\u00f1o acad\u00e9mico, debe realizar los tr\u00e1mites de servicio social, mediante un procedimiento que se llama EXENCI\u00d3N de Servicio Social, donde deber\u00e1 de conformar un expediente, con los siguientes documentos:<\/p>\n\n\n\n<ul class=\"wp-block-list\">\n<li>Formato de Exenci\u00f3n debidamente requisitado<\/li>\n\n\n\n<li>Identificaci\u00f3n oficial vigente (credencial para votar INE o pasaporte)<\/li>\n\n\n\n<li>Nombramiento, contrato o documento oficial que acredite la relaci\u00f3n laboral vigente<\/li>\n<\/ul>\n\n\n\n<p class=\"has-text-align-center\">-&gt; Consultar el <a href=\"http:\/\/www.enfermeria.umich.mx\/wp-content\/uploads\/2026\/02\/Tramite-lib-SS@0.5x-scaled.png\"><strong>Tr\u00e1mite de Liberaci\u00f3n de Servicio Social<\/strong><\/a><\/p>\n<\/div><\/div><\/div>\n\n\n\n<div class=\"wp-block-stackable-column stk-block-column stk-column stk-block stk-473e650\" data-v=\"4\" data-block-id=\"473e650\"><style>.stk-473e650-container{margin-top:0px !important;margin-right:0px !important;margin-bottom:0px !important;margin-left:0px !important;}<\/style><div class=\"stk-column-wrapper stk-block-column__content stk-container stk-473e650-container stk--no-background stk--no-padding\"><div class=\"stk-block-content stk-inner-blocks stk-473e650-inner-blocks\">\n<p>Al concluir el servicio social presentar:<\/p>\n\n\n\n<ul class=\"wp-block-list\">\n<li>Informe de Actividades EGEL-CENEVAL<\/li>\n\n\n\n<li>Constancia laboral expedida por la instituci\u00f3n de adscripci\u00f3n<\/li>\n<\/ul>\n\n\n\n<p>Durante un a\u00f1o de exenci\u00f3n del Servicio Social todos los egresados del programa de Licenciatura en Enfermer\u00eda presentan como requisito de egreso este examen, a fin de medir los indicadores de calidad, con los que nuestra carrera est\u00e1 respaldada en su programa (COMACE, CIIES).<\/p>\n\n\n\n<h2 class=\"wp-block-heading\">Requisitos para la Titulaci\u00f3n<\/h2>\n\n\n\n<ul class=\"wp-block-list\">\n<li>Aprobar todas las materias del programa<\/li>\n\n\n\n<li>Liberaci\u00f3n del Servicio Social en la direcci\u00f3n de vinculaci\u00f3n y de Servicio Social de la UMSNH (Ciudad Universitaria C7)<\/li>\n\n\n\n<li>Si obtuvo testimonio satisfactorio o sobresaliente de examen CENEVAL deber\u00e1s iniciar los tr\u00e1mites de titulaci\u00f3n<\/li>\n<\/ul>\n\n\n\n<h3 class=\"wp-block-heading\">Modalidades de Titulaci\u00f3n<\/h3>\n\n\n\n<ul class=\"wp-block-list\">\n<li>T\u00e9sis<\/li>\n\n\n\n<li>Proceso de Enfermer\u00eda<\/li>\n\n\n\n<li>Examen CENEVAL<\/li>\n\n\n\n<li>Promedio de 9.5 <\/li>\n\n\n\n<li>Servicio Social<\/li>\n\n\n\n<li>Experiencia Profesional <\/li>\n\n\n\n<li>Producci\u00f3n Acad\u00e9mica (articulo)<\/li>\n\n\n\n<li>Diplomado<br><br><br><\/li>\n<\/ul>\n\n\n\n<figure class=\"wp-block-image aligncenter size-large is-resized wp-duotone-unset-1\"><img loading=\"lazy\" decoding=\"async\" width=\"922\" height=\"1024\" data-attachment-id=\"4819\" data-permalink=\"http:\/\/www.enfermeria.umich.mx\/index.php\/servicio-social-2\/image-3\/\" data-orig-file=\"http:\/\/www.enfermeria.umich.mx\/wp-content\/uploads\/2026\/01\/image-1.png\" data-orig-size=\"2000,2222\" data-comments-opened=\"1\" data-image-meta=\"{&quot;aperture&quot;:&quot;0&quot;,&quot;credit&quot;:&quot;&quot;,&quot;camera&quot;:&quot;&quot;,&quot;caption&quot;:&quot;&quot;,&quot;created_timestamp&quot;:&quot;0&quot;,&quot;copyright&quot;:&quot;&quot;,&quot;focal_length&quot;:&quot;0&quot;,&quot;iso&quot;:&quot;0&quot;,&quot;shutter_speed&quot;:&quot;0&quot;,&quot;title&quot;:&quot;&quot;,&quot;orientation&quot;:&quot;0&quot;}\" data-image-title=\"image\" data-image-description=\"\" data-image-caption=\"\" data-medium-file=\"http:\/\/www.enfermeria.umich.mx\/wp-content\/uploads\/2026\/01\/image-1-270x300.png\" data-large-file=\"http:\/\/www.enfermeria.umich.mx\/wp-content\/uploads\/2026\/01\/image-1-922x1024.png\" src=\"http:\/\/www.enfermeria.umich.mx\/wp-content\/uploads\/2026\/01\/image-1-922x1024.png\" alt=\"\" class=\"wp-image-4819\" style=\"width:40px\" srcset=\"http:\/\/www.enfermeria.umich.mx\/wp-content\/uploads\/2026\/01\/image-1-922x1024.png 922w, http:\/\/www.enfermeria.umich.mx\/wp-content\/uploads\/2026\/01\/image-1-270x300.png 270w, http:\/\/www.enfermeria.umich.mx\/wp-content\/uploads\/2026\/01\/image-1.png 2000w\" sizes=\"auto, (max-width: 922px) 100vw, 922px\" \/><\/figure>\n<\/div><\/div><\/div>\n<\/div><\/div>\n\n\n\n<div class=\"wp-block-stackable-divider stk-block-divider stk-block stk-c652bf4\" data-block-id=\"c652bf4\"><hr class=\"stk-block-divider__hr\"\/><\/div>\n\n\n\n<p><\/p>\n","protected":false},"excerpt":{"rendered":"<p>El Curso del Programa Complementario de la Licenciatura en Enfermer\u00eda (ProCLE) representa una s\u00f3lida alternativa para la profesionalizaci\u00f3n y actualizaci\u00f3n de Nivel T\u00e9cnico a Licenciatura, de quienes laboran en las \u00e1reas asistencial, comunitaria o en el ejercicio libre de la profesi\u00f3n. La Facultad de Enfermer\u00eda mantiene una estrecha vinculaci\u00f3n interinstitucional con el sector salud para &hellip; <\/p>\n<p class=\"link-more\"><a href=\"http:\/\/www.enfermeria.umich.mx\/index.php\/programa-complementario-de-licenciatura\/\" class=\"more-link\">Leer m\u00e1s<span class=\"screen-reader-text\"> \u00abComplementario\u00bb<\/span><\/a><\/p>\n","protected":false},"author":2,"featured_media":0,"parent":0,"menu_order":0,"comment_status":"closed","ping_status":"closed","template":"","meta":{"inspiro_hide_title":false,"footnotes":""},"class_list":["post-61","page","type-page","status-publish","hentry"],"jetpack_likes_enabled":true,"jetpack_sharing_enabled":true,"_links":{"self":[{"href":"http:\/\/www.enfermeria.umich.mx\/index.php\/wp-json\/wp\/v2\/pages\/61","targetHints":{"allow":["GET"]}}],"collection":[{"href":"http:\/\/www.enfermeria.umich.mx\/index.php\/wp-json\/wp\/v2\/pages"}],"about":[{"href":"http:\/\/www.enfermeria.umich.mx\/index.php\/wp-json\/wp\/v2\/types\/page"}],"author":[{"embeddable":true,"href":"http:\/\/www.enfermeria.umich.mx\/index.php\/wp-json\/wp\/v2\/users\/2"}],"replies":[{"embeddable":true,"href":"http:\/\/www.enfermeria.umich.mx\/index.php\/wp-json\/wp\/v2\/comments?post=61"}],"version-history":[{"count":120,"href":"http:\/\/www.enfermeria.umich.mx\/index.php\/wp-json\/wp\/v2\/pages\/61\/revisions"}],"predecessor-version":[{"id":5796,"href":"http:\/\/www.enfermeria.umich.mx\/index.php\/wp-json\/wp\/v2\/pages\/61\/revisions\/5796"}],"wp:attachment":[{"href":"http:\/\/www.enfermeria.umich.mx\/index.php\/wp-json\/wp\/v2\/media?parent=61"}],"curies":[{"name":"wp","href":"https:\/\/api.w.org\/{rel}","templated":true}]}}