{"id":466,"date":"2024-01-05T01:49:10","date_gmt":"2024-01-05T01:49:10","guid":{"rendered":"http:\/\/www.enfermeria.umich.mx\/?page_id=466"},"modified":"2026-04-15T13:25:18","modified_gmt":"2026-04-15T19:25:18","slug":"mision-vision-y-valores-institucionales-2","status":"publish","type":"page","link":"http:\/\/www.enfermeria.umich.mx\/index.php\/mision-vision-y-valores-institucionales-2\/","title":{"rendered":"Valores Institucionales"},"content":{"rendered":"\n<div class=\"wp-block-stackable-columns stk-block-columns stk-block stk-51ccbc6\" data-block-id=\"51ccbc6\"><style>.stk-51ccbc6 {margin-bottom:40px !important;}.stk-51ccbc6-column{--stk-column-gap:40px !important;}<\/style><div class=\"stk-row stk-inner-blocks stk-block-content stk-content-align stk-51ccbc6-column\">\n<div class=\"wp-block-stackable-column stk-block-column stk-column stk-block stk-1619c4b\" data-v=\"4\" data-block-id=\"1619c4b\"><style>.stk-1619c4b-container{margin-top:0px !important;margin-right:0px !important;margin-bottom:0px !important;margin-left:0px !important;}@media screen and (min-width: 768px){.stk-1619c4b {flex:var(--stk-flex-grow, 1) 1 calc(50% - var(--stk-column-gap, 0px) * 1 \/ 2 ) !important;}}<\/style><div class=\"stk-column-wrapper stk-block-column__content stk-container stk-1619c4b-container stk--no-background stk--no-padding\"><div class=\"stk-block-content stk-inner-blocks stk-1619c4b-inner-blocks\">\n<p>La <strong>Facultad de Enfermer\u00eda<\/strong> adopta una filosof\u00eda en plena congruencia con la naturaleza y los fines de la <strong>Universidad Michoacana de San Nicol\u00e1s de Hidalgo <\/strong>(UMSNH). Su misi\u00f3n fundamental se centra en la educaci\u00f3n media superior y superior, ofreciendo programas en los niveles de licenciatura y maestr\u00eda, en modalidades presenciales y semipresenciales.<\/p>\n\n\n\n<p>Adem\u00e1s de la docencia, la Facultad orienta sus esfuerzos a la investigaci\u00f3n cient\u00edfica, la difusi\u00f3n cultural y la extensi\u00f3n universitaria. Y como parte de la Divisi\u00f3n de Estudios Superiores <strong>(DES) <\/strong>de Ciencias de la Salud de la UMSNH, promueve activamente el equilibrio entre el desarrollo individual, social, econ\u00f3mico y ecol\u00f3gico. Este enfoque gu\u00eda el quehacer de sus <strong>unidades acad\u00e9micas<\/strong> (UAs), definiendo su identidad a partir de la <strong>formaci\u00f3n integral y humanista<\/strong> del estudiante.<\/p>\n\n\n\n<p>Como instituci\u00f3n universitaria, la Facultad de Enfermer\u00eda concibe la <strong>ense\u00f1anza<\/strong> como el medio id\u00f3neo para fomentar las capacidades <strong>creativas, cr\u00edticas y reflexivas<\/strong> del estudiante. El objetivo es conducirlo hacia el <strong>autodesarrollo y la autonom\u00eda intelectual<\/strong>, cualidades esenciales para el profesional de esta disciplina. De esta manera, la Facultad promueve la b\u00fasqueda de la verdad cient\u00edfica y la excelencia en la docencia, investigaci\u00f3n, creaci\u00f3n art\u00edstica y difusi\u00f3n de la cultura. En este marco, todos sus actores (docentes, estudiantes, personal de apoyo y directivos) interact\u00faan, se relacionan y se corresponsabilizan en el desarrollo de la sociedad.<\/p>\n\n\n\n<p>En consecuencia, las actividades de la Facultad est\u00e1n encaminadas a estimular y respetar la <strong>libre expresi\u00f3n<\/strong> de las ideas, as\u00ed como a proteger y acrecentar e<strong>l acervo cultural de Michoac\u00e1n<\/strong>, de M\u00e9xico y del mundo, haci\u00e9ndolo m\u00e1s accesible. Por tanto, el ambiente que se promueve en esta instituci\u00f3n educativa gira en torno al <strong>estudiante<\/strong>, concebido como un ser<strong> libre, social<\/strong> y comprometido con el <strong>progreso humano<\/strong>. De manera especial, la Facultad lo identifica como un ser llamado e impulsado por su vocaci\u00f3n esencial que busca la salud y el equilibrio de las personas y comunidades en sus esferas biol\u00f3gica, psicol\u00f3gica, social y metacognitiva, siempre sobre la base de la verdad y el bien.<\/p>\n\n\n\n<p class=\"has-text-align-left\">En definitiva, la educaci\u00f3n que se imparte en la Facultad se orienta, por tanto, a mejorar al ser humano mediante el enriquecimiento de sus <strong>valores<\/strong>, la formaci\u00f3n integral de su persona y su conciencia, as\u00ed como su capacidad para <strong>promover la salud<\/strong> de los seres humanos con los que interactuar\u00e1 a lo largo de su formaci\u00f3n y ejercicio profesional.<\/p>\n\n\n\n<p><\/p>\n<\/div><\/div><\/div>\n\n\n\n<div class=\"wp-block-stackable-column stk-block-column stk-column stk-block stk-10591b5\" data-v=\"4\" data-block-id=\"10591b5\"><style>.stk-10591b5-container{margin-top:0px !important;margin-right:0px !important;margin-bottom:0px !important;margin-left:0px !important;}.stk-10591b5 {align-self:flex-start !important;}.stk-10591b5-inner-blocks{align-items:center !important;}@media screen and (min-width: 768px){.stk-10591b5 {flex:var(--stk-flex-grow, 1) 1 calc(50% - var(--stk-column-gap, 0px) * 1 \/ 2 ) !important;}}<\/style><div class=\"stk-column-wrapper stk-block-column__content stk-container stk-10591b5-container stk--no-background stk--no-padding\"><div class=\"has-text-align-center stk--column-flex stk-block-content stk-inner-blocks stk-10591b5-inner-blocks\">\n<figure class=\"wp-block-image size-large\"><img loading=\"lazy\" decoding=\"async\" width=\"650\" height=\"1024\" data-attachment-id=\"6177\" data-permalink=\"http:\/\/www.enfermeria.umich.mx\/index.php\/mision-vision-y-valores-institucionales-2\/grupo-est-enf\/\" data-orig-file=\"http:\/\/www.enfermeria.umich.mx\/wp-content\/uploads\/2026\/03\/Grupo-Est.-Enf.png\" data-orig-size=\"1146,1806\" data-comments-opened=\"1\" data-image-meta=\"{&quot;aperture&quot;:&quot;0&quot;,&quot;credit&quot;:&quot;&quot;,&quot;camera&quot;:&quot;&quot;,&quot;caption&quot;:&quot;&quot;,&quot;created_timestamp&quot;:&quot;0&quot;,&quot;copyright&quot;:&quot;&quot;,&quot;focal_length&quot;:&quot;0&quot;,&quot;iso&quot;:&quot;0&quot;,&quot;shutter_speed&quot;:&quot;0&quot;,&quot;title&quot;:&quot;&quot;,&quot;orientation&quot;:&quot;0&quot;}\" data-image-title=\"Grupo Est. Enf\" data-image-description=\"\" data-image-caption=\"\" data-large-file=\"http:\/\/www.enfermeria.umich.mx\/wp-content\/uploads\/2026\/03\/Grupo-Est.-Enf-650x1024.png\" src=\"http:\/\/www.enfermeria.umich.mx\/wp-content\/uploads\/2026\/03\/Grupo-Est.-Enf-650x1024.png\" alt=\"\" class=\"wp-image-6177\" style=\"object-fit:cover\" srcset=\"http:\/\/www.enfermeria.umich.mx\/wp-content\/uploads\/2026\/03\/Grupo-Est.-Enf-650x1024.png 650w, http:\/\/www.enfermeria.umich.mx\/wp-content\/uploads\/2026\/03\/Grupo-Est.-Enf-190x300.png 190w, http:\/\/www.enfermeria.umich.mx\/wp-content\/uploads\/2026\/03\/Grupo-Est.-Enf.png 1146w\" sizes=\"auto, (max-width: 650px) 100vw, 650px\" \/><\/figure>\n<\/div><\/div><\/div>\n<\/div><\/div>\n\n\n\n<div class=\"wp-block-stackable-divider stk-block-divider stk-block stk-8636f34\" data-block-id=\"8636f34\"><style>.stk-8636f34 {margin-bottom:40px !important;}<\/style><hr class=\"stk-block-divider__hr\"\/><\/div>\n\n\n\n<div class=\"wp-block-stackable-columns stk-block-columns stk-block stk-6013128\" data-block-id=\"6013128\"><style>.stk-6013128 {margin-bottom:42px !important;}.stk-6013128-column{--stk-column-gap:40px !important;}<\/style><div class=\"stk-row stk-inner-blocks stk-block-content stk-content-align stk-6013128-column\">\n<div class=\"wp-block-stackable-column stk-block-column stk-column stk-block stk-fe58c29\" data-v=\"4\" data-block-id=\"fe58c29\"><style>.stk-fe58c29-container{margin-top:0px !important;margin-right:0px !important;margin-bottom:0px !important;margin-left:0px !important;}<\/style><div class=\"stk-column-wrapper stk-block-column__content stk-container stk-fe58c29-container stk--no-background stk--no-padding\"><div class=\"has-text-align-left stk-block-content stk-inner-blocks stk-fe58c29-inner-blocks\">\n<h2 class=\"wp-block-heading\">Filosof\u00eda<\/h2>\n\n\n\n<figure data-wp-context=\"{&quot;imageId&quot;:&quot;6a05117e7ea51&quot;}\" data-wp-interactive=\"core\/image\" data-wp-key=\"6a05117e7ea51\" class=\"wp-block-image aligncenter size-full is-resized wp-lightbox-container\" style=\"margin-top:var(--wp--preset--spacing--x-small);margin-bottom:var(--wp--preset--spacing--x-small)\"><img loading=\"lazy\" decoding=\"async\" width=\"1047\" height=\"1332\" data-attachment-id=\"3606\" data-permalink=\"http:\/\/www.enfermeria.umich.mx\/index.php\/mision-vision-y-valores-institucionales-2\/mujer0-5x-2\/\" data-orig-file=\"http:\/\/www.enfermeria.umich.mx\/wp-content\/uploads\/2025\/11\/Mujer@0.5x-1.png\" data-orig-size=\"1047,1332\" data-comments-opened=\"1\" data-image-meta=\"{&quot;aperture&quot;:&quot;0&quot;,&quot;credit&quot;:&quot;&quot;,&quot;camera&quot;:&quot;&quot;,&quot;caption&quot;:&quot;&quot;,&quot;created_timestamp&quot;:&quot;0&quot;,&quot;copyright&quot;:&quot;&quot;,&quot;focal_length&quot;:&quot;0&quot;,&quot;iso&quot;:&quot;0&quot;,&quot;shutter_speed&quot;:&quot;0&quot;,&quot;title&quot;:&quot;&quot;,&quot;orientation&quot;:&quot;0&quot;}\" data-image-title=\"Mujer@0.5x\" data-image-description=\"\" data-image-caption=\"\" data-large-file=\"http:\/\/www.enfermeria.umich.mx\/wp-content\/uploads\/2025\/11\/Mujer@0.5x-1-805x1024.png\" data-wp-class--hide=\"state.isContentHidden\" data-wp-class--show=\"state.isContentVisible\" data-wp-init=\"callbacks.setButtonStyles\" data-wp-on--click=\"actions.showLightbox\" data-wp-on--load=\"callbacks.setButtonStyles\" data-wp-on-window--resize=\"callbacks.setButtonStyles\" src=\"http:\/\/www.enfermeria.umich.mx\/wp-content\/uploads\/2025\/11\/Mujer@0.5x-1.png\" alt=\"\" class=\"wp-image-3606\" style=\"aspect-ratio:0.78604810213154;width:365px;height:auto\" srcset=\"http:\/\/www.enfermeria.umich.mx\/wp-content\/uploads\/2025\/11\/Mujer@0.5x-1.png 1047w, http:\/\/www.enfermeria.umich.mx\/wp-content\/uploads\/2025\/11\/Mujer@0.5x-1-236x300.png 236w, http:\/\/www.enfermeria.umich.mx\/wp-content\/uploads\/2025\/11\/Mujer@0.5x-1-805x1024.png 805w\" sizes=\"auto, (max-width: 1047px) 100vw, 1047px\" \/><button\n\t\t\tclass=\"lightbox-trigger\"\n\t\t\ttype=\"button\"\n\t\t\taria-haspopup=\"dialog\"\n\t\t\taria-label=\"Agrandar\"\n\t\t\tdata-wp-init=\"callbacks.initTriggerButton\"\n\t\t\tdata-wp-on--click=\"actions.showLightbox\"\n\t\t\tdata-wp-style--right=\"state.imageButtonRight\"\n\t\t\tdata-wp-style--top=\"state.imageButtonTop\"\n\t\t>\n\t\t\t<svg xmlns=\"http:\/\/www.w3.org\/2000\/svg\" width=\"12\" height=\"12\" fill=\"none\" viewBox=\"0 0 12 12\">\n\t\t\t\t<path fill=\"#fff\" d=\"M2 0a2 2 0 0 0-2 2v2h1.5V2a.5.5 0 0 1 .5-.5h2V0H2Zm2 10.5H2a.5.5 0 0 1-.5-.5V8H0v2a2 2 0 0 0 2 2h2v-1.5ZM8 12v-1.5h2a.5.5 0 0 0 .5-.5V8H12v2a2 2 0 0 1-2 2H8Zm2-12a2 2 0 0 1 2 2v2h-1.5V2a.5.5 0 0 0-.5-.5H8V0h2Z\" \/>\n\t\t\t<\/svg>\n\t\t<\/button><figcaption class=\"wp-element-caption\">El emblema representa &#8220;el cuidado&#8221; en el quehacer de enfermer\u00eda.<\/figcaption><\/figure>\n\n\n\n<p>La Facultad de Enfermer\u00eda fundamenta su marco filos\u00f3fico en la <strong>integralidad del cuidado<\/strong> y el <strong>respeto irrestricto por la dignidad humana<\/strong>. Esta convicci\u00f3n profunda es la base de una pr\u00e1ctica profesional guiada por s\u00f3lidos valores \u00e9ticos.<\/p>\n\n\n\n<h3 class=\"wp-block-heading\">Misi\u00f3n<\/h3>\n\n\n\n<p class=\"has-white-color has-text-color has-background has-link-color wp-elements-c8b6102894f1e22237c33b9f58467570\" style=\"background-color:#555555\">Somos una dependencia educativa de la Universidad Michoacana de San Nicol\u00e1s de Hidalgo comprometida con la formaci\u00f3n de profesionales de enfermer\u00eda <strong>competentes<\/strong> y con <strong>liderazgo<\/strong>. Nuestros egresados poseen <strong>pensamiento cr\u00edtico, vocaci\u00f3n humanista y compromiso social<\/strong>, y est\u00e1n preparados para colaborar en equipos multidisciplinarios. Brindamos <strong>cuidado integral<\/strong> alineado con el panorama epidemiol\u00f3gico y demogr\u00e1fico, contribuyendo as\u00ed al desarrollo sustentable del estado y del pa\u00eds.<br><\/p>\n\n\n\n<h3 class=\"wp-block-heading\">Visi\u00f3n<\/h3>\n\n\n\n<p class=\"has-white-color has-secondary-background-color has-text-color has-background has-link-color wp-elements-99a5adac63ce9269ddf1a68829937340\">Para el a\u00f1o <strong>2035<\/strong>, la Facultad de Enfermer\u00eda aspira a ser <strong>l\u00edder<\/strong> en la formaci\u00f3n de recursos humanos competentes en el <strong>cuidado humanizado<\/strong>. Alcanzaremos este objetivo mediante: <br><br>&#8211; El fomento de la <strong>identidad nicola\u00edta<\/strong>, el respeto a la diversidad y la interculturalidad, pilares para favorecer la cultura de la paz.<br><br>&#8211; Programas educativos flexibles, <strong>acreditados a nivel nacional e internacional<\/strong>, y con alta pertinencia social.<br><br>&#8211; Contribuci\u00f3n significativa al <strong>desarrollo cient\u00edfico de la profesi\u00f3n<\/strong> en los sistemas de salud y en la pr\u00e1ctica profesional independiente, apoyada en el uso de las tecnolog\u00edas.<br><\/p>\n\n\n\n<h3 class=\"wp-block-heading\">Valores<\/h3>\n\n\n\n<p>Los <strong>Valores y Actitudes<\/strong> constituyen la fuerza vital que configura y materializa los ideales plasmados en nuestra Filosof\u00eda, Misi\u00f3n y Visi\u00f3n. La formaci\u00f3n integral, eje central de nuestra Misi\u00f3n, se cimienta en los siguientes principios fundamentales, alineados con el Modelo Educativo de la Universidad Michoacana de San Nicol\u00e1s de Hidalgo:<\/p>\n\n\n\n<div class=\"wp-block-group has-white-background-color has-background has-global-padding is-layout-constrained wp-block-group-is-layout-constrained\" style=\"box-shadow:var(--wp--preset--shadow--natural)\">\n<p><\/p>\n\n\n\n<div class=\"wp-block-stackable-divider aligncenter stk-block-divider has-text-align-center stk-block stk-923ce67\" data-block-id=\"923ce67\"><style>.stk-923ce67 {margin-bottom:2px !important;}<\/style><hr class=\"stk-block-divider__hr\"\/><\/div>\n\n\n\n<p class=\"has-text-align-center has-tertiary-color has-text-color has-link-color has-medium-font-size wp-elements-1ce2f9310f00abf6e16f02cc90857c21\"><strong><span style=\"color: #343434;\" class=\"stk-highlight\">Humanismo, Respeto, Compromiso, Responsabilidad Social, Honestidad, Inclusi\u00f3n, Justicia, Equidad, <\/span><\/strong><br><strong><span style=\"color: #343434;\" class=\"stk-highlight\">Vocaci\u00f3n de servicio.<\/span><\/strong><\/p>\n\n\n\n<figure class=\"wp-block-image aligncenter size-large is-resized\" style=\"margin-top:var(--wp--preset--spacing--x-small);margin-bottom:var(--wp--preset--spacing--x-small)\"><img loading=\"lazy\" decoding=\"async\" width=\"1024\" height=\"637\" data-attachment-id=\"4873\" data-permalink=\"http:\/\/www.enfermeria.umich.mx\/index.php\/reglamentos-2\/incubadora-manos0-5x\/\" data-orig-file=\"http:\/\/www.enfermeria.umich.mx\/wp-content\/uploads\/2026\/01\/Incubadora-manos@0.5x.png\" data-orig-size=\"2007,1248\" data-comments-opened=\"1\" data-image-meta=\"{&quot;aperture&quot;:&quot;0&quot;,&quot;credit&quot;:&quot;&quot;,&quot;camera&quot;:&quot;&quot;,&quot;caption&quot;:&quot;&quot;,&quot;created_timestamp&quot;:&quot;0&quot;,&quot;copyright&quot;:&quot;&quot;,&quot;focal_length&quot;:&quot;0&quot;,&quot;iso&quot;:&quot;0&quot;,&quot;shutter_speed&quot;:&quot;0&quot;,&quot;title&quot;:&quot;&quot;,&quot;orientation&quot;:&quot;0&quot;}\" data-image-title=\"Incubadora manos@0.5x\" data-image-description=\"\" data-image-caption=\"\" data-large-file=\"http:\/\/www.enfermeria.umich.mx\/wp-content\/uploads\/2026\/01\/Incubadora-manos@0.5x-1024x637.png\" src=\"http:\/\/www.enfermeria.umich.mx\/wp-content\/uploads\/2026\/01\/Incubadora-manos@0.5x-1024x637.png\" alt=\"\" class=\"wp-image-4873\" style=\"aspect-ratio:1.6075718966144885;width:198px;height:auto\" srcset=\"http:\/\/www.enfermeria.umich.mx\/wp-content\/uploads\/2026\/01\/Incubadora-manos@0.5x-1024x637.png 1024w, http:\/\/www.enfermeria.umich.mx\/wp-content\/uploads\/2026\/01\/Incubadora-manos@0.5x-300x187.png 300w, http:\/\/www.enfermeria.umich.mx\/wp-content\/uploads\/2026\/01\/Incubadora-manos@0.5x-2000x1244.png 2000w, http:\/\/www.enfermeria.umich.mx\/wp-content\/uploads\/2026\/01\/Incubadora-manos@0.5x.png 2007w\" sizes=\"auto, (max-width: 1024px) 100vw, 1024px\" \/><\/figure>\n\n\n\n<div class=\"wp-block-stackable-divider aligncenter stk-block-divider has-text-align-center stk-block stk-49f13f9\" data-block-id=\"49f13f9\"><hr class=\"stk-block-divider__hr\"\/><\/div>\n<\/div>\n\n\n\n<p><\/p>\n\n\n\n<p><\/p>\n\n\n\n<p><\/p>\n<\/div><\/div><\/div>\n\n\n\n<div class=\"wp-block-stackable-column stk-block-column stk-column stk-block stk-63c4417\" data-v=\"4\" data-block-id=\"63c4417\"><style>.stk-63c4417-container{margin-top:0px !important;margin-right:0px !important;margin-bottom:0px !important;margin-left:0px !important;}.stk-63c4417-inner-blocks{align-items:flex-start !important;}<\/style><div class=\"stk-column-wrapper stk-block-column__content stk-container stk-63c4417-container stk--no-background stk--no-padding\"><div class=\"has-text-align-left stk--column-flex stk-block-content stk-inner-blocks stk-63c4417-inner-blocks\">\n<h4 class=\"wp-block-heading\">Humanismo<\/h4>\n\n\n\n<p>Define que el destino del ser humano es <strong>colectivo y solidario<\/strong>, promoviendo el progreso y el bienestar desde una perspectiva comunitaria. La formaci\u00f3n humanista prioriza la <strong>realizaci\u00f3n comunitaria<\/strong> sobre los intereses individuales, impulsando que los egresados aspiren a vivir bajo un sentido de justicia social y de promoci\u00f3n de la sustentabilidad en sus comunidades, lo que permitir\u00e1 la mejora poblacional.<\/p>\n\n\n\n<h4 class=\"wp-block-heading\">Respeto<\/h4>\n\n\n\n<p>Se fundamenta en el reconocimiento de la <strong>dignidad e integridad de las personas<\/strong> y en la tolerancia hacia la diversidad de pensamiento y las diferencias en el actuar. Se manifiesta mediante un trato imparcial y digno.<\/p>\n\n\n\n<h4 class=\"wp-block-heading\">Compromiso<\/h4>\n\n\n\n<p>Valor que permite a los actores de la Facultad cumplir con las pol\u00edticas, misi\u00f3n, visi\u00f3n y objetivos institucionales, guiados por un c\u00f3digo moral y \u00e9tico propio. Implica la <strong>disposici\u00f3n a colaborar y a cumplir<\/strong> tanto individualmente como en la integraci\u00f3n social.<\/p>\n\n\n\n<h4 class=\"wp-block-heading\">Responsabilidad Social<\/h4>\n\n\n\n<p>Implica que la Universidad busca formar ciudadanos con las cualidades y habilidades para asumir el <strong>liderazgo<\/strong> y el compromiso con el aprendizaje en beneficio de la sociedad. Esto conlleva conocer y estudiar los diversos sectores sociales para dar respuesta profesional a las necesidades y problemas del entorno sociocultural, <strong>procurando siempre el bien com\u00fan<\/strong>.<\/p>\n\n\n\n<h4 class=\"wp-block-heading\">Honestidad<\/h4>\n\n\n\n<p>Se promueve al establecer <strong>congruencia<\/strong> entre el sentir, pensar, decir y actuar de los actores de la Facultad, reflejando honradez y veracidad en todas sus interacciones.<\/p>\n\n\n\n<h4 class=\"wp-block-heading\">Inclusi\u00f3n<\/h4>\n\n\n\n<p>Tiene como objetivo impulsar un <strong>ambiente inclusivo<\/strong> en la comunidad universitaria. Busca que la persona visibilice, considere y reconozca la diversidad en todos sus aspectos, valorando la riqueza que esta aporta al desarrollo integral de la comunidad.<\/p>\n\n\n\n<h4 class=\"wp-block-heading has-text-align-left\">Justicia<\/h4>\n\n\n\n<p>Permite procurar la atenci\u00f3n de la salud no solo a trav\u00e9s de la disponibilidad y la utilizaci\u00f3n eficiente de los recursos (humanos, f\u00edsicos, financieros, tecnol\u00f3gicos y administrativos), sino mediante la <strong>satisfacci\u00f3n de las necesidades b\u00e1sicas<\/strong> de la persona en su orden biol\u00f3gico, espiritual, afectivo, social, cognitivo y psicol\u00f3gico. Esto se traduce en un <strong>trato humano sin distinci\u00f3n<\/strong>, promoviendo la equidad y la disposici\u00f3n flexible para dar un trato diferencial siempre que se requiera.<\/p>\n\n\n\n<h4 class=\"wp-block-heading\">Equidad<\/h4>\n\n\n\n<p>Representa la <strong>justicia en plenitud<\/strong>, entendida como un valor intr\u00ednseco del profesional de enfermer\u00eda que implica un sentido de justicia e igualdad social, con responsabilidad y valoraci\u00f3n de la individualidad. Se traduce en la propensi\u00f3n para juzgar con <strong>imparcialidad<\/strong> y de acuerdo con la raz\u00f3n.<\/p>\n\n\n\n<h4 class=\"wp-block-heading\">Vocaci\u00f3n de Servicio<\/h4>\n\n\n\n<p>Es una construcci\u00f3n interna que emerge con fuerza y se concentra en el desarrollo de las habilidades y competencias necesarias para <strong>promover la salud, prevenir enfermedades y brindar cuidado<\/strong> a personas, familias y comunidades. La satisfacci\u00f3n laboral que acompa\u00f1a a la vocaci\u00f3n impulsa al profesional a desempe\u00f1ar sus actividades con excelencia, facilita el desarrollo del potencial humano y proporciona un sentido profundo al trabajo realizado y a los cuidados ofrecidos.<\/p>\n\n\n\n<p>En conjunto, todos estos valores (alineados con la Filosof\u00eda, Misi\u00f3n y Visi\u00f3n) buscan promover la <strong>CALIDAD<\/strong> de la formaci\u00f3n de los recursos humanos de enfermer\u00eda. Este compromiso \u00e9tico se refleja directamente en la <strong>calidez del cuidado<\/strong> que brindan nuestros egresados.<\/p>\n\n\n\n<p>Finalmente, estos valores, la Misi\u00f3n y la Visi\u00f3n de la Facultad de Enfermer\u00eda se sintetizan y se reflejan en nuestro <strong>Lema y Emblema institucional<\/strong>.<\/p>\n\n\n\n<figure class=\"wp-block-image aligncenter size-large is-resized wp-duotone-unset-1\" style=\"margin-top:var(--wp--preset--spacing--small);margin-bottom:var(--wp--preset--spacing--small)\"><img loading=\"lazy\" decoding=\"async\" width=\"922\" height=\"1024\" data-attachment-id=\"2997\" data-permalink=\"http:\/\/www.enfermeria.umich.mx\/index.php\/reglamentos\/web-emblema-fe-2\/\" data-orig-file=\"http:\/\/www.enfermeria.umich.mx\/wp-content\/uploads\/2025\/11\/Web-emblema-FE-1-scaled.png\" data-orig-size=\"2304,2560\" data-comments-opened=\"1\" data-image-meta=\"{&quot;aperture&quot;:&quot;0&quot;,&quot;credit&quot;:&quot;&quot;,&quot;camera&quot;:&quot;&quot;,&quot;caption&quot;:&quot;&quot;,&quot;created_timestamp&quot;:&quot;0&quot;,&quot;copyright&quot;:&quot;&quot;,&quot;focal_length&quot;:&quot;0&quot;,&quot;iso&quot;:&quot;0&quot;,&quot;shutter_speed&quot;:&quot;0&quot;,&quot;title&quot;:&quot;&quot;,&quot;orientation&quot;:&quot;0&quot;}\" data-image-title=\"Web emblema FE\" data-image-description=\"\" data-image-caption=\"\" data-large-file=\"http:\/\/www.enfermeria.umich.mx\/wp-content\/uploads\/2025\/11\/Web-emblema-FE-1-922x1024.png\" src=\"http:\/\/www.enfermeria.umich.mx\/wp-content\/uploads\/2025\/11\/Web-emblema-FE-1-922x1024.png\" alt=\"\" class=\"wp-image-2997\" style=\"width:40px\" srcset=\"http:\/\/www.enfermeria.umich.mx\/wp-content\/uploads\/2025\/11\/Web-emblema-FE-1-922x1024.png 922w, http:\/\/www.enfermeria.umich.mx\/wp-content\/uploads\/2025\/11\/Web-emblema-FE-1-270x300.png 270w, http:\/\/www.enfermeria.umich.mx\/wp-content\/uploads\/2025\/11\/Web-emblema-FE-1-2000x2222.png 2000w\" sizes=\"auto, (max-width: 922px) 100vw, 922px\" \/><\/figure>\n<\/div><\/div><\/div>\n<\/div><\/div>\n\n\n\n<div class=\"wp-block-stackable-divider stk-block-divider stk-block stk-274df93\" data-block-id=\"274df93\"><style>.stk-274df93 {margin-bottom:38px !important;}<\/style><hr class=\"stk-block-divider__hr\"\/><\/div>\n\n\n\n<p><\/p>\n","protected":false},"excerpt":{"rendered":"<p>La Facultad de Enfermer\u00eda adopta una filosof\u00eda en plena congruencia con la naturaleza y los fines de la Universidad Michoacana de San Nicol\u00e1s de Hidalgo (UMSNH). Su misi\u00f3n fundamental se centra en la educaci\u00f3n media superior y superior, ofreciendo programas en los niveles de licenciatura y maestr\u00eda, en modalidades presenciales y semipresenciales. Adem\u00e1s de la &hellip; <\/p>\n<p class=\"link-more\"><a href=\"http:\/\/www.enfermeria.umich.mx\/index.php\/mision-vision-y-valores-institucionales-2\/\" class=\"more-link\">Leer m\u00e1s<span class=\"screen-reader-text\"> \u00abValores Institucionales\u00bb<\/span><\/a><\/p>\n","protected":false},"author":2,"featured_media":0,"parent":0,"menu_order":0,"comment_status":"closed","ping_status":"closed","template":"","meta":{"inspiro_hide_title":false,"footnotes":""},"class_list":["post-466","page","type-page","status-publish","hentry"],"jetpack_likes_enabled":true,"jetpack_sharing_enabled":true,"_links":{"self":[{"href":"http:\/\/www.enfermeria.umich.mx\/index.php\/wp-json\/wp\/v2\/pages\/466","targetHints":{"allow":["GET"]}}],"collection":[{"href":"http:\/\/www.enfermeria.umich.mx\/index.php\/wp-json\/wp\/v2\/pages"}],"about":[{"href":"http:\/\/www.enfermeria.umich.mx\/index.php\/wp-json\/wp\/v2\/types\/page"}],"author":[{"embeddable":true,"href":"http:\/\/www.enfermeria.umich.mx\/index.php\/wp-json\/wp\/v2\/users\/2"}],"replies":[{"embeddable":true,"href":"http:\/\/www.enfermeria.umich.mx\/index.php\/wp-json\/wp\/v2\/comments?post=466"}],"version-history":[{"count":201,"href":"http:\/\/www.enfermeria.umich.mx\/index.php\/wp-json\/wp\/v2\/pages\/466\/revisions"}],"predecessor-version":[{"id":6325,"href":"http:\/\/www.enfermeria.umich.mx\/index.php\/wp-json\/wp\/v2\/pages\/466\/revisions\/6325"}],"wp:attachment":[{"href":"http:\/\/www.enfermeria.umich.mx\/index.php\/wp-json\/wp\/v2\/media?parent=466"}],"curies":[{"name":"wp","href":"https:\/\/api.w.org\/{rel}","templated":true}]}}