{"id":40,"date":"2023-08-16T21:06:48","date_gmt":"2023-08-16T21:06:48","guid":{"rendered":"http:\/\/www.enfermeria.umich.mx\/?page_id=40"},"modified":"2025-12-09T09:00:51","modified_gmt":"2025-12-09T15:00:51","slug":"contacto-2","status":"publish","type":"page","link":"http:\/\/www.enfermeria.umich.mx\/index.php\/contacto-2\/","title":{"rendered":"Contacto"},"content":{"rendered":"\n<p>Numero Telef\u00f3nico<strong>:<\/strong> (443) 313 9274  <\/p>\n\n\n\n<div class=\"wp-block-group has-global-padding is-content-justification-left is-layout-constrained wp-container-core-group-is-layout-12dd3699 wp-block-group-is-layout-constrained\">\n<div class=\"wp-block-columns are-vertically-aligned-center is-layout-flex wp-container-core-columns-is-layout-28f84493 wp-block-columns-is-layout-flex\">\n<div class=\"wp-block-column is-vertically-aligned-center is-layout-flow wp-block-column-is-layout-flow\" style=\"flex-basis:100%\">\n<h3 class=\"wp-block-heading has-text-align-left\"><mark style=\"background-color:rgba(0, 0, 0, 0)\" class=\"has-inline-color has-accent-color\">Direcci\u00f3n<\/mark><\/h3>\n\n\n\n<h4 class=\"wp-block-heading has-text-align-left\"><a href=\"https:\/\/goo.gl\/maps\/edWYxKP5FbMkNsnS8\"><strong>Facultad de Enfermer<\/strong>\u00eda<\/a><\/h4>\n\n\n\n<p class=\"has-text-align-left\"><\/p>\n\n\n\t\t<div\n            id=\"wpmapblock_d40876fe\"\n            data-settings='{&quot;map_marker&quot;:[{&quot;lat&quot;:&quot;19.697462690011108&quot;,&quot;lng&quot;:&quot;-101.17817190358198&quot;,&quot;title&quot;:&quot;Facultad de Enfermeria&quot;,&quot;content&quot;:&quot;A Beautiful Country&quot;,&quot;iconType&quot;:&quot;default&quot;,&quot;customIconUrl&quot;:&quot;http:\\\/\\\/www.enfermeria.umich.mx\\\/wp-content\\\/uploads\\\/2023\\\/08\\\/cropped-Logo-Enfermeria-a-colores_Mesa-de-trabajo-1.png&quot;,&quot;customIconWidth&quot;:&quot;23&quot;,&quot;customIconHeight&quot;:&quot;23&quot;}],&quot;map_zoom&quot;:&quot;16&quot;,&quot;scroll_wheel_zoom&quot;:&quot;1&quot;,&quot;map_type&quot;:&quot;GM&quot;,&quot;center_index&quot;:0}'\n            class=\"wpmapblockrender\"\n            style=\"\n\t\t\twidth: 100%;\n\t\t\theight: 383px;\n\t\t\"\n            >\n        <\/div>\n        \n\n\n<p class=\"has-text-align-left\">. Ventura puente #115 Col. Chapultepec Norte. C.P: 58260 Morelia, Michoac\u00e1n.<\/p>\n\n\n\n<div class=\"wp-block-stackable-divider stk-block-divider stk-block stk-8ab6267\" data-block-id=\"8ab6267\"><style>.stk-8ab6267 {margin-bottom:64px !important;}<\/style><hr class=\"stk-block-divider__hr\"\/><\/div>\n\n\n\n<h4 class=\"wp-block-heading has-text-align-left\"><strong><a href=\"https:\/\/goo.gl\/maps\/qyhhHgFECf3Ckkvm6\">Anexo de la Facultad<\/a> <\/strong><\/h4>\n\n\n\t\t<div\n            id=\"wpmapblock_233e5e18\"\n            data-settings='{&quot;map_marker&quot;:[{&quot;lat&quot;:&quot;19.688252009358138&quot;,&quot;lng&quot;:&quot;-101.18119766125234&quot;,&quot;title&quot;:&quot;Anexo de Enfermer\\u00eda&quot;,&quot;content&quot;:&quot;&quot;,&quot;iconType&quot;:&quot;default&quot;,&quot;customIconUrl&quot;:&quot;&quot;,&quot;customIconWidth&quot;:&quot;25&quot;,&quot;customIconHeight&quot;:&quot;40&quot;}],&quot;map_zoom&quot;:&quot;15&quot;,&quot;scroll_wheel_zoom&quot;:&quot;1&quot;,&quot;map_type&quot;:&quot;GM&quot;,&quot;center_index&quot;:0}'\n            class=\"wpmapblockrender\"\n            style=\"\n\t\t\twidth: 100%;\n\t\t\theight: 398px;\n\t\t\"\n            >\n        <\/div>\n        \n\n\n<p class=\"has-text-align-left\">Av. Solidaridad #2052 Col. F\u00e9lix Ireta. C.P: 58070 Morelia, Michoac\u00e1n.<\/p>\n\n\n\n<p><\/p>\n\n\n\n<hr class=\"wp-block-separator has-alpha-channel-opacity\"\/>\n<\/div>\n<\/div>\n<\/div>\n\n\n\n<div class=\"wp-block-columns is-layout-flex wp-container-core-columns-is-layout-28f84493 wp-block-columns-is-layout-flex\"><\/div>\n","protected":false},"excerpt":{"rendered":"<p>Numero Telef\u00f3nico: (443) 313 9274 Direcci\u00f3n Facultad de Enfermer\u00eda . Ventura puente #115 Col. Chapultepec Norte. C.P: 58260 Morelia, Michoac\u00e1n. Anexo de la Facultad Av. Solidaridad #2052 Col. F\u00e9lix Ireta. C.P: 58070 Morelia, Michoac\u00e1n.<\/p>\n","protected":false},"author":2,"featured_media":0,"parent":0,"menu_order":0,"comment_status":"closed","ping_status":"closed","template":"","meta":{"inspiro_hide_title":false,"footnotes":""},"class_list":["post-40","page","type-page","status-publish","hentry"],"jetpack_likes_enabled":true,"jetpack_sharing_enabled":true,"_links":{"self":[{"href":"http:\/\/www.enfermeria.umich.mx\/index.php\/wp-json\/wp\/v2\/pages\/40","targetHints":{"allow":["GET"]}}],"collection":[{"href":"http:\/\/www.enfermeria.umich.mx\/index.php\/wp-json\/wp\/v2\/pages"}],"about":[{"href":"http:\/\/www.enfermeria.umich.mx\/index.php\/wp-json\/wp\/v2\/types\/page"}],"author":[{"embeddable":true,"href":"http:\/\/www.enfermeria.umich.mx\/index.php\/wp-json\/wp\/v2\/users\/2"}],"replies":[{"embeddable":true,"href":"http:\/\/www.enfermeria.umich.mx\/index.php\/wp-json\/wp\/v2\/comments?post=40"}],"version-history":[{"count":38,"href":"http:\/\/www.enfermeria.umich.mx\/index.php\/wp-json\/wp\/v2\/pages\/40\/revisions"}],"predecessor-version":[{"id":4087,"href":"http:\/\/www.enfermeria.umich.mx\/index.php\/wp-json\/wp\/v2\/pages\/40\/revisions\/4087"}],"wp:attachment":[{"href":"http:\/\/www.enfermeria.umich.mx\/index.php\/wp-json\/wp\/v2\/media?parent=40"}],"curies":[{"name":"wp","href":"https:\/\/api.w.org\/{rel}","templated":true}]}}