{"id":3753,"date":"2025-12-03T09:14:22","date_gmt":"2025-12-03T15:14:22","guid":{"rendered":"http:\/\/www.enfermeria.umich.mx\/?page_id=3753"},"modified":"2025-12-03T09:15:30","modified_gmt":"2025-12-03T15:15:30","slug":"3753-2","status":"publish","type":"page","link":"http:\/\/www.enfermeria.umich.mx\/index.php\/3753-2\/","title":{"rendered":"Un espacio para pensar, decidir y cuidar con \u00e9tica."},"content":{"rendered":"\n<div class=\"wp-block-stackable-columns stk-block-columns stk-block stk-401f227\" data-block-id=\"401f227\"><div class=\"stk-row stk-inner-blocks stk-block-content stk-content-align stk-401f227-column\">\n<div class=\"wp-block-stackable-column stk-block-column stk-column stk-block stk-2343caa\" data-v=\"4\" data-block-id=\"2343caa\"><div class=\"stk-column-wrapper stk-block-column__content stk-container stk-2343caa-container stk--no-background stk--no-padding\"><div class=\"stk-block-content stk-inner-blocks stk-2343caa-inner-blocks\">\n<figure class=\"wp-block-image size-large\" style=\"margin-right:var(--wp--preset--spacing--x-small);margin-left:var(--wp--preset--spacing--x-small)\"><a href=\"http:\/\/www.enfermeria.umich.mx\/wp-content\/uploads\/2025\/12\/Bioetica@0.5x-scaled.jpg\"><img loading=\"lazy\" decoding=\"async\" width=\"1024\" height=\"675\" data-attachment-id=\"3738\" data-permalink=\"http:\/\/www.enfermeria.umich.mx\/index.php\/2025\/12\/02\/un-espacio-para-pensar-decidir-y-cuidar-con-etica\/bioetica0-5x\/\" data-orig-file=\"http:\/\/www.enfermeria.umich.mx\/wp-content\/uploads\/2025\/12\/Bioetica@0.5x-scaled.jpg\" data-orig-size=\"2560,1689\" data-comments-opened=\"1\" data-image-meta=\"{&quot;aperture&quot;:&quot;0&quot;,&quot;credit&quot;:&quot;&quot;,&quot;camera&quot;:&quot;&quot;,&quot;caption&quot;:&quot;&quot;,&quot;created_timestamp&quot;:&quot;0&quot;,&quot;copyright&quot;:&quot;&quot;,&quot;focal_length&quot;:&quot;0&quot;,&quot;iso&quot;:&quot;0&quot;,&quot;shutter_speed&quot;:&quot;0&quot;,&quot;title&quot;:&quot;&quot;,&quot;orientation&quot;:&quot;0&quot;}\" data-image-title=\"Bioetica@0.5x\" data-image-description=\"\" data-image-caption=\"\" data-large-file=\"http:\/\/www.enfermeria.umich.mx\/wp-content\/uploads\/2025\/12\/Bioetica@0.5x-1024x675.jpg\" src=\"http:\/\/www.enfermeria.umich.mx\/wp-content\/uploads\/2025\/12\/Bioetica@0.5x-1024x675.jpg\" alt=\"\" class=\"wp-image-3738\" style=\"box-shadow:var(--wp--preset--shadow--natural)\" srcset=\"http:\/\/www.enfermeria.umich.mx\/wp-content\/uploads\/2025\/12\/Bioetica@0.5x-1024x675.jpg 1024w, http:\/\/www.enfermeria.umich.mx\/wp-content\/uploads\/2025\/12\/Bioetica@0.5x-300x198.jpg 300w, http:\/\/www.enfermeria.umich.mx\/wp-content\/uploads\/2025\/12\/Bioetica@0.5x-2000x1319.jpg 2000w\" sizes=\"auto, (max-width: 1024px) 100vw, 1024px\" \/><\/a><\/figure>\n\n\n\n<figure class=\"wp-block-image size-large\" style=\"margin-right:var(--wp--preset--spacing--x-small);margin-left:var(--wp--preset--spacing--x-small)\"><a href=\"http:\/\/www.enfermeria.umich.mx\/wp-content\/uploads\/2025\/12\/Bio-1.jpg\"><img loading=\"lazy\" decoding=\"async\" width=\"1024\" height=\"682\" data-attachment-id=\"3740\" data-permalink=\"http:\/\/www.enfermeria.umich.mx\/index.php\/2025\/12\/02\/un-espacio-para-pensar-decidir-y-cuidar-con-etica\/bio-1\/\" data-orig-file=\"http:\/\/www.enfermeria.umich.mx\/wp-content\/uploads\/2025\/12\/Bio-1.jpg\" data-orig-size=\"2048,1363\" data-comments-opened=\"1\" data-image-meta=\"{&quot;aperture&quot;:&quot;0&quot;,&quot;credit&quot;:&quot;&quot;,&quot;camera&quot;:&quot;&quot;,&quot;caption&quot;:&quot;&quot;,&quot;created_timestamp&quot;:&quot;0&quot;,&quot;copyright&quot;:&quot;&quot;,&quot;focal_length&quot;:&quot;0&quot;,&quot;iso&quot;:&quot;0&quot;,&quot;shutter_speed&quot;:&quot;0&quot;,&quot;title&quot;:&quot;&quot;,&quot;orientation&quot;:&quot;0&quot;}\" data-image-title=\"Bio 1\" data-image-description=\"\" data-image-caption=\"\" data-large-file=\"http:\/\/www.enfermeria.umich.mx\/wp-content\/uploads\/2025\/12\/Bio-1-1024x682.jpg\" src=\"http:\/\/www.enfermeria.umich.mx\/wp-content\/uploads\/2025\/12\/Bio-1-1024x682.jpg\" alt=\"\" class=\"wp-image-3740\" style=\"box-shadow:var(--wp--preset--shadow--natural)\" srcset=\"http:\/\/www.enfermeria.umich.mx\/wp-content\/uploads\/2025\/12\/Bio-1-1024x682.jpg 1024w, http:\/\/www.enfermeria.umich.mx\/wp-content\/uploads\/2025\/12\/Bio-1-300x200.jpg 300w, http:\/\/www.enfermeria.umich.mx\/wp-content\/uploads\/2025\/12\/Bio-1-2000x1331.jpg 2000w, http:\/\/www.enfermeria.umich.mx\/wp-content\/uploads\/2025\/12\/Bio-1.jpg 2048w\" sizes=\"auto, (max-width: 1024px) 100vw, 1024px\" \/><\/a><\/figure>\n\n\n\n<figure class=\"wp-block-image size-large\" style=\"margin-right:var(--wp--preset--spacing--x-small);margin-left:var(--wp--preset--spacing--x-small)\"><a href=\"http:\/\/www.enfermeria.umich.mx\/wp-content\/uploads\/2025\/12\/Bio-2.jpg\"><img loading=\"lazy\" decoding=\"async\" width=\"1024\" height=\"682\" data-attachment-id=\"3742\" data-permalink=\"http:\/\/www.enfermeria.umich.mx\/index.php\/2025\/12\/02\/un-espacio-para-pensar-decidir-y-cuidar-con-etica\/bio-2\/\" data-orig-file=\"http:\/\/www.enfermeria.umich.mx\/wp-content\/uploads\/2025\/12\/Bio-2.jpg\" data-orig-size=\"2048,1363\" data-comments-opened=\"1\" data-image-meta=\"{&quot;aperture&quot;:&quot;0&quot;,&quot;credit&quot;:&quot;&quot;,&quot;camera&quot;:&quot;&quot;,&quot;caption&quot;:&quot;&quot;,&quot;created_timestamp&quot;:&quot;0&quot;,&quot;copyright&quot;:&quot;&quot;,&quot;focal_length&quot;:&quot;0&quot;,&quot;iso&quot;:&quot;0&quot;,&quot;shutter_speed&quot;:&quot;0&quot;,&quot;title&quot;:&quot;&quot;,&quot;orientation&quot;:&quot;0&quot;}\" data-image-title=\"Bio 2\" data-image-description=\"\" data-image-caption=\"\" data-large-file=\"http:\/\/www.enfermeria.umich.mx\/wp-content\/uploads\/2025\/12\/Bio-2-1024x682.jpg\" src=\"http:\/\/www.enfermeria.umich.mx\/wp-content\/uploads\/2025\/12\/Bio-2-1024x682.jpg\" alt=\"\" class=\"wp-image-3742\" style=\"box-shadow:var(--wp--preset--shadow--natural)\" srcset=\"http:\/\/www.enfermeria.umich.mx\/wp-content\/uploads\/2025\/12\/Bio-2-1024x682.jpg 1024w, http:\/\/www.enfermeria.umich.mx\/wp-content\/uploads\/2025\/12\/Bio-2-300x200.jpg 300w, http:\/\/www.enfermeria.umich.mx\/wp-content\/uploads\/2025\/12\/Bio-2-2000x1331.jpg 2000w, http:\/\/www.enfermeria.umich.mx\/wp-content\/uploads\/2025\/12\/Bio-2.jpg 2048w\" sizes=\"auto, (max-width: 1024px) 100vw, 1024px\" \/><\/a><\/figure>\n\n\n\n<figure class=\"wp-block-image size-large\" style=\"margin-right:var(--wp--preset--spacing--x-small);margin-left:var(--wp--preset--spacing--x-small)\"><a href=\"http:\/\/www.enfermeria.umich.mx\/wp-content\/uploads\/2025\/12\/Bio-3.jpg\"><img loading=\"lazy\" decoding=\"async\" width=\"1024\" height=\"682\" data-attachment-id=\"3744\" data-permalink=\"http:\/\/www.enfermeria.umich.mx\/index.php\/2025\/12\/02\/un-espacio-para-pensar-decidir-y-cuidar-con-etica\/bio-3\/\" data-orig-file=\"http:\/\/www.enfermeria.umich.mx\/wp-content\/uploads\/2025\/12\/Bio-3.jpg\" data-orig-size=\"2048,1363\" data-comments-opened=\"1\" data-image-meta=\"{&quot;aperture&quot;:&quot;0&quot;,&quot;credit&quot;:&quot;&quot;,&quot;camera&quot;:&quot;&quot;,&quot;caption&quot;:&quot;&quot;,&quot;created_timestamp&quot;:&quot;0&quot;,&quot;copyright&quot;:&quot;&quot;,&quot;focal_length&quot;:&quot;0&quot;,&quot;iso&quot;:&quot;0&quot;,&quot;shutter_speed&quot;:&quot;0&quot;,&quot;title&quot;:&quot;&quot;,&quot;orientation&quot;:&quot;0&quot;}\" data-image-title=\"Bio 3\" data-image-description=\"\" data-image-caption=\"\" data-large-file=\"http:\/\/www.enfermeria.umich.mx\/wp-content\/uploads\/2025\/12\/Bio-3-1024x682.jpg\" src=\"http:\/\/www.enfermeria.umich.mx\/wp-content\/uploads\/2025\/12\/Bio-3-1024x682.jpg\" alt=\"\" class=\"wp-image-3744\" style=\"box-shadow:var(--wp--preset--shadow--natural)\" srcset=\"http:\/\/www.enfermeria.umich.mx\/wp-content\/uploads\/2025\/12\/Bio-3-1024x682.jpg 1024w, http:\/\/www.enfermeria.umich.mx\/wp-content\/uploads\/2025\/12\/Bio-3-300x200.jpg 300w, http:\/\/www.enfermeria.umich.mx\/wp-content\/uploads\/2025\/12\/Bio-3-2000x1331.jpg 2000w, http:\/\/www.enfermeria.umich.mx\/wp-content\/uploads\/2025\/12\/Bio-3.jpg 2048w\" sizes=\"auto, (max-width: 1024px) 100vw, 1024px\" \/><\/a><\/figure>\n\n\n\n<figure class=\"wp-block-image size-large\" style=\"margin-right:var(--wp--preset--spacing--x-small);margin-left:var(--wp--preset--spacing--x-small)\"><a href=\"http:\/\/www.enfermeria.umich.mx\/wp-content\/uploads\/2025\/12\/Bio-4.jpg\"><img loading=\"lazy\" decoding=\"async\" width=\"1024\" height=\"682\" data-attachment-id=\"3746\" data-permalink=\"http:\/\/www.enfermeria.umich.mx\/index.php\/2025\/12\/02\/un-espacio-para-pensar-decidir-y-cuidar-con-etica\/bio-4\/\" data-orig-file=\"http:\/\/www.enfermeria.umich.mx\/wp-content\/uploads\/2025\/12\/Bio-4.jpg\" data-orig-size=\"2048,1363\" data-comments-opened=\"1\" data-image-meta=\"{&quot;aperture&quot;:&quot;0&quot;,&quot;credit&quot;:&quot;&quot;,&quot;camera&quot;:&quot;&quot;,&quot;caption&quot;:&quot;&quot;,&quot;created_timestamp&quot;:&quot;0&quot;,&quot;copyright&quot;:&quot;&quot;,&quot;focal_length&quot;:&quot;0&quot;,&quot;iso&quot;:&quot;0&quot;,&quot;shutter_speed&quot;:&quot;0&quot;,&quot;title&quot;:&quot;&quot;,&quot;orientation&quot;:&quot;0&quot;}\" data-image-title=\"Bio 4\" data-image-description=\"\" data-image-caption=\"\" data-large-file=\"http:\/\/www.enfermeria.umich.mx\/wp-content\/uploads\/2025\/12\/Bio-4-1024x682.jpg\" src=\"http:\/\/www.enfermeria.umich.mx\/wp-content\/uploads\/2025\/12\/Bio-4-1024x682.jpg\" alt=\"\" class=\"wp-image-3746\" style=\"box-shadow:var(--wp--preset--shadow--natural)\" srcset=\"http:\/\/www.enfermeria.umich.mx\/wp-content\/uploads\/2025\/12\/Bio-4-1024x682.jpg 1024w, http:\/\/www.enfermeria.umich.mx\/wp-content\/uploads\/2025\/12\/Bio-4-300x200.jpg 300w, http:\/\/www.enfermeria.umich.mx\/wp-content\/uploads\/2025\/12\/Bio-4-2000x1331.jpg 2000w, http:\/\/www.enfermeria.umich.mx\/wp-content\/uploads\/2025\/12\/Bio-4.jpg 2048w\" sizes=\"auto, (max-width: 1024px) 100vw, 1024px\" \/><\/a><\/figure>\n<\/div><\/div><\/div>\n\n\n\n<div class=\"wp-block-stackable-column stk-block-column stk-column stk-block stk-75bd732\" data-v=\"4\" data-block-id=\"75bd732\"><div class=\"stk-column-wrapper stk-block-column__content stk-container stk-75bd732-container stk--no-background stk--no-padding\"><div class=\"stk-block-content stk-inner-blocks stk-75bd732-inner-blocks\">\n<p>Este <strong>2 de diciembre de 2025,<\/strong> la Facultad de Enfermer\u00eda de la UMSNH llev\u00f3 a cabo con gran \u00e9xito el IV Foro de Dilemas \u00c9ticos y Bio\u00e9ticos en el Cuidado de Enfermer\u00eda, un encuentro acad\u00e9mico donde estudiantes de quinto semestre reflexionaron y deliberaron sobre los desaf\u00edos \u00e9ticos presentes en la pr\u00e1ctica cl\u00ednica y comunitaria del cuidado humano.<\/p>\n\n\n\n<p>La formaci\u00f3n \u00e9tica, como eje esencial del perfil profesional de enfermer\u00eda, cobra especial relevancia en contextos donde la toma de decisiones impacta directamente la vida, la dignidad y los derechos de las personas. En este sentido, el foro se desarroll\u00f3 como un espacio de an\u00e1lisis cr\u00edtico, deliberaci\u00f3n colectiva y construcci\u00f3n argumentativa sustentada en principios \u00e9ticos como la autonom\u00eda, beneficencia, no maleficencia y justicia.<\/p>\n\n\n\n<p>El evento incluy\u00f3 una conferencia magistral sobre deliberaci\u00f3n bio\u00e9tica y la presentaci\u00f3n de casos mediante dos din\u00e1micas educativas innovadoras:<\/p>\n\n\n\n<p>Pitch bio\u00e9tico f\u00edlmico, donde los estudiantes analizaron dilemas representados en escenas cinematogr\u00e1ficas, y Sociodrama bio\u00e9tico, en el que dramatizaron situaciones reales surgidas en sus pr\u00e1cticas formativas, mostrando tensiones morales y decisiones en escenarios reales de cuidado.<\/p>\n\n\n\n<p>Estas metodolog\u00edas activas fortalecen el pensamiento cr\u00edtico, la comunicaci\u00f3n asertiva y el juicio \u00e9tico profesional, promoviendo el trabajo colaborativo y el compromiso moral con la sociedad.<\/p>\n\n\n\n<p>El foro cont\u00f3 con la participaci\u00f3n del 100% de los estudiantes inscritos en la unidad de aprendizaje Bio\u00e9tica, docentes responsables de acompa\u00f1ar el proceso acad\u00e9mico y autoridades de la Facultad de Enfermer\u00eda, quienes destacaron la importancia de consolidar una cultura bio\u00e9tica institucional y una formaci\u00f3n profesional humanista, responsable y socialmente comprometida.<\/p>\n\n\n\n<p>Al finalizar el evento, el estudiantado realiz\u00f3 su evaluaci\u00f3n acad\u00e9mica y se anunci\u00f3 la generaci\u00f3n de una memoria breve que recopilar\u00e1 los casos, reflexiones y aprendizajes construidos en esta edici\u00f3n del foro.<\/p>\n\n\n\n<p>Formar profesionales \u00e9ticos no es opcional, es imprescindible.<\/p>\n\n\n\n<p><strong>\u00a1Porque decidir con \u00e9tica\u2026 tambi\u00e9n salva vidas!<\/strong><\/p>\n<\/div><\/div><\/div>\n<\/div><\/div>\n\n\n\n<p><\/p>\n","protected":false},"excerpt":{"rendered":"<p>Este 2 de diciembre de 2025, la Facultad de Enfermer\u00eda de la UMSNH llev\u00f3 a cabo con gran \u00e9xito el IV Foro de Dilemas \u00c9ticos y Bio\u00e9ticos en el Cuidado de Enfermer\u00eda, un encuentro acad\u00e9mico donde estudiantes de quinto semestre reflexionaron y deliberaron sobre los desaf\u00edos \u00e9ticos presentes en la pr\u00e1ctica cl\u00ednica y comunitaria del &hellip; <\/p>\n<p class=\"link-more\"><a href=\"http:\/\/www.enfermeria.umich.mx\/index.php\/3753-2\/\" class=\"more-link\">Leer m\u00e1s<span class=\"screen-reader-text\"> \u00abUn espacio para pensar, decidir y cuidar con \u00e9tica.\u00bb<\/span><\/a><\/p>\n","protected":false},"author":319,"featured_media":0,"parent":0,"menu_order":0,"comment_status":"closed","ping_status":"closed","template":"","meta":{"inspiro_hide_title":false,"footnotes":""},"class_list":["post-3753","page","type-page","status-publish","hentry"],"jetpack_likes_enabled":true,"jetpack_sharing_enabled":true,"_links":{"self":[{"href":"http:\/\/www.enfermeria.umich.mx\/index.php\/wp-json\/wp\/v2\/pages\/3753","targetHints":{"allow":["GET"]}}],"collection":[{"href":"http:\/\/www.enfermeria.umich.mx\/index.php\/wp-json\/wp\/v2\/pages"}],"about":[{"href":"http:\/\/www.enfermeria.umich.mx\/index.php\/wp-json\/wp\/v2\/types\/page"}],"author":[{"embeddable":true,"href":"http:\/\/www.enfermeria.umich.mx\/index.php\/wp-json\/wp\/v2\/users\/319"}],"replies":[{"embeddable":true,"href":"http:\/\/www.enfermeria.umich.mx\/index.php\/wp-json\/wp\/v2\/comments?post=3753"}],"version-history":[{"count":3,"href":"http:\/\/www.enfermeria.umich.mx\/index.php\/wp-json\/wp\/v2\/pages\/3753\/revisions"}],"predecessor-version":[{"id":3768,"href":"http:\/\/www.enfermeria.umich.mx\/index.php\/wp-json\/wp\/v2\/pages\/3753\/revisions\/3768"}],"wp:attachment":[{"href":"http:\/\/www.enfermeria.umich.mx\/index.php\/wp-json\/wp\/v2\/media?parent=3753"}],"curies":[{"name":"wp","href":"https:\/\/api.w.org\/{rel}","templated":true}]}}