{"id":219,"date":"2023-09-28T01:27:51","date_gmt":"2023-09-28T01:27:51","guid":{"rendered":"http:\/\/www.enfermeria.umich.mx\/?page_id=219"},"modified":"2026-04-15T13:49:45","modified_gmt":"2026-04-15T19:49:45","slug":"titulacion-2","status":"publish","type":"page","link":"http:\/\/www.enfermeria.umich.mx\/index.php\/titulacion-2\/","title":{"rendered":"Titulaci\u00f3n"},"content":{"rendered":"\n<div class=\"wp-block-stackable-columns stk-block-columns stk-block stk-1237f91\" data-block-id=\"1237f91\"><style>.stk-1237f91 {padding-top:0px !important;padding-right:0px !important;padding-bottom:0px !important;padding-left:0px !important;margin-bottom:40px !important;}.stk-1237f91-column{--stk-columns-spacing:0px !important;--stk-column-gap:40px !important;}<\/style><div class=\"stk-row stk-inner-blocks stk-block-content stk-content-align stk-1237f91-column\">\n<div class=\"wp-block-stackable-column stk-block-column stk-column stk-block stk-c4e779c\" data-v=\"4\" data-block-id=\"c4e779c\"><style>.stk-c4e779c-container{margin-top:0px !important;margin-right:0px !important;margin-bottom:0px !important;margin-left:0px !important;}.stk-c4e779c-inner-blocks{row-gap:0px !important;}.stk-c4e779c {padding-top:0px !important;padding-right:0px !important;padding-bottom:0px !important;padding-left:0px !important;margin-left:0px !important;}<\/style><div class=\"stk-column-wrapper stk-block-column__content stk-container stk-c4e779c-container stk--no-background stk--no-padding\"><div class=\"stk-block-content stk-inner-blocks stk-c4e779c-inner-blocks\">\n<p>Las modalidades de titulaci\u00f3n de la Licenciatura en Enfermer\u00eda se alinean con el Plan de Estudios vigente y el marco jur\u00eddico de la Universidad Michoacana de San Nicol\u00e1s de Hidalgo. Asimismo, los lineamientos espec\u00edficos se detallan en el <a href=\"http:\/\/www.enfermeria.umich.mx\/wp-content\/uploads\/2024\/05\/Reglamento-General-del-Servicio-Social-2022-UMSNH_compressed.pdf\"><strong>Reglamento de Titulaci\u00f3n de la Facultad<\/strong>,<\/a> el cual guarda total congruencia con el Reglamento General de Ex\u00e1menes de la instituci\u00f3n.<\/p>\n\n\n\n<p>Los objetivos de los ex\u00e1menes profesionales son valorar en conjunto los conocimientos generales adquiridos por el sustentante en su carrera, que \u00e9ste demuestre capacidad para aplicarlos y que posea criterio profesional. <\/p>\n\n\n\n<h2 class=\"wp-block-heading\">Modalidades<\/h2>\n\n\n\n<p>Las <strong>modalidades de titulaci\u00f3n<\/strong> que la Facultad ofrece a sus egresados son las siguientes:<\/p>\n\n\n\n<ul style=\"color:#595959\" class=\"wp-block-list has-text-color has-link-color wp-elements-11d7ac987bfcbe111cf37fdc51a6bad8\">\n<li class=\"has-medium-font-size\"><strong>T\u00e9sis<\/strong><\/li>\n\n\n\n<li class=\"has-medium-font-size\"><strong>Proceso de Enfermer\u00eda<\/strong><\/li>\n\n\n\n<li class=\"has-medium-font-size\"><strong>Promedio General<\/strong><\/li>\n\n\n\n<li class=\"has-medium-font-size\"><strong>Examen General de Egreso de Licenciatura CENEVAL<\/strong><\/li>\n\n\n\n<li class=\"has-medium-font-size\"><strong>Memorias de Experiencias en el Servicio Social<\/strong><\/li>\n\n\n\n<li class=\"has-medium-font-size\"><strong>Experiencia Profesional<\/strong><\/li>\n\n\n\n<li class=\"has-medium-font-size\"><strong>Producci\u00f3n Acad\u00e9mica<\/strong><\/li>\n\n\n\n<li class=\"has-medium-font-size\"><strong>Diplomado<\/strong><\/li>\n<\/ul>\n\n\n\n<p>En la modalidad oral de titulaci\u00f3n el Director y\/o Asesor del trabajo de investigaci\u00f3n debiendo ser profesor titular en el \u00e1rea acad\u00e9mica de titulaci\u00f3n y podr\u00e1n participar como asesores docentes de otras disciplinas que forman el Plan de Estudios de la Facultad.<\/p>\n\n\n\n<p>Para las modalidades de titulaci\u00f3n por Promedio General, EGEL-CENEVAL y Diplomado, el Examen Profesional se limitar\u00e1 al acto protocolario de toma de protesta del sustentante. Este procedimiento se llevar\u00e1 a cabo conforme a lo estipulado en el <strong><a href=\"http:\/\/www.enfermeria.umich.mx\/wp-content\/uploads\/2024\/05\/Instructivo-Academico-administrativo-de-Titulacion_compressed.pdf\">Instructivo Acad\u00e9mico-administrativo de Titulaci\u00f3n<\/a><\/strong> aprobado por el H. Consejo T\u00e9cnico de la Facultad.<\/p>\n\n\n\n<h2 class=\"wp-block-heading\">Requisitos<\/h2>\n\n\n\n<p>Para tener derecho a alguna modalidad de titulaci\u00f3n prevista, se requiere que el pasante re\u00fana los <strong>requisitos<\/strong> establecidos en los art\u00edculos 5\u00b0, 37 y 39 del Reglamento General de Ex\u00e1menes de la Universidad Michoacana de San Nicol\u00e1s de Hidalgo y, adem\u00e1s:<\/p>\n\n\n\n<ul style=\"background-color:#4a5656\" class=\"wp-block-list has-white-color has-text-color has-background has-link-color wp-elements-108b8a9a8ac2cb25736ca32f37a65965\">\n<li><strong>Acreditar el Servicio Social <\/strong>de conformidad con los plazos y condiciones que se estipulan en el Reglamentos respectivo;<br><br><\/li>\n\n\n\n<li>Haber cubierto el <strong>pago de los derechos<\/strong> respectivos;<br><br><\/li>\n\n\n\n<li>Haber cumplido los <strong>requisitos de la opci\u00f3n de titulaci\u00f3n<\/strong> que se haya elegido, en el Sistema Integral de Informaci\u00f3n Administrativa <strong>(SIIA)<\/strong> y darlo a conocer a la Secretaria Acad\u00e9mica de la Facultad;<br><br><\/li>\n\n\n\n<li>Cumplir con las formalidades del <strong>acto protocolario de titulaci\u00f3n<\/strong> que el H. Consejo T\u00e9cnico determine;<br><br><\/li>\n\n\n\n<li><strong>No estar sujeto a proceso o sentencia <\/strong>condenatoria por delito intencional del fuero com\u00fan.<br><\/li>\n<\/ul>\n\n\n\n<h2 class=\"wp-block-heading\">Examen Recepcional<\/h2>\n\n\n\n<p>El examen profesional se llevar\u00e1 a cabo en la Sala de Ex\u00e1menes de la Facultad, o en la sede y horario autorizados por la Direcci\u00f3n; cualquier sede externa requerir\u00e1 la aprobaci\u00f3n del H. Consejo T\u00e9cnico. El Presidente del s\u00ednodo dirigir\u00e1 el acto bajo criterios de solemnidad y apego al Instructivo Acad\u00e9mico-administrativo. Tras la r\u00e9plica, el jurado deliberar\u00e1 en privado para determinar, por mayor\u00eda o unanimidad, si el sustentante es aprobado. Finalmente, se notificar\u00e1 el resultado, se tomar\u00e1 la protesta de ley en caso de aprobaci\u00f3n y se formalizar\u00e1 el acta correspondiente.<br><\/p>\n\n\n\n<h2 class=\"wp-block-heading\">Documentaci\u00f3n<\/h2>\n\n\n\n<ul class=\"wp-block-list\">\n<li><a href=\"http:\/\/www.enfermeria.umich.mx\/wp-content\/uploads\/2024\/05\/CARTEL-INICIO-TRAMITES-DE-TITILACION-2023-1.pdf\" target=\"_blank\" rel=\"noreferrer noopener\"><strong>Gu\u00eda de Inicio de Tr\u00e1mites de Titulaci\u00f3n<\/strong><\/a><\/li>\n\n\n\n<li><a href=\"http:\/\/www.enfermeria.umich.mx\/wp-content\/uploads\/2024\/05\/Instructivo-Academico-administrativo-de-Titulacion_compressed.pdf\" target=\"_blank\" rel=\"noreferrer noopener\"><strong>Instructivo Acad\u00e9mico-Administrativo de Titulaci\u00f3n<\/strong><\/a><\/li>\n\n\n\n<li><a href=\"http:\/\/www.enfermeria.umich.mx\/wp-content\/uploads\/2024\/05\/Reglamento-General-del-Servicio-Social-2022-UMSNH_compressed.pdf\"><strong>Reglamento de Titulaci\u00f3n de la Facultad<\/strong><\/a><\/li>\n<\/ul>\n\n\n\n<figure class=\"wp-block-image aligncenter size-large is-resized wp-duotone-unset-1\" style=\"margin-top:var(--wp--preset--spacing--x-small);margin-bottom:var(--wp--preset--spacing--x-small)\"><img loading=\"lazy\" decoding=\"async\" width=\"922\" height=\"1024\" data-attachment-id=\"4819\" data-permalink=\"http:\/\/www.enfermeria.umich.mx\/index.php\/servicio-social-2\/image-3\/\" data-orig-file=\"http:\/\/www.enfermeria.umich.mx\/wp-content\/uploads\/2026\/01\/image-1.png\" data-orig-size=\"2000,2222\" data-comments-opened=\"1\" data-image-meta=\"{&quot;aperture&quot;:&quot;0&quot;,&quot;credit&quot;:&quot;&quot;,&quot;camera&quot;:&quot;&quot;,&quot;caption&quot;:&quot;&quot;,&quot;created_timestamp&quot;:&quot;0&quot;,&quot;copyright&quot;:&quot;&quot;,&quot;focal_length&quot;:&quot;0&quot;,&quot;iso&quot;:&quot;0&quot;,&quot;shutter_speed&quot;:&quot;0&quot;,&quot;title&quot;:&quot;&quot;,&quot;orientation&quot;:&quot;0&quot;}\" data-image-title=\"image\" data-image-description=\"\" data-image-caption=\"\" data-large-file=\"http:\/\/www.enfermeria.umich.mx\/wp-content\/uploads\/2026\/01\/image-1-922x1024.png\" src=\"http:\/\/www.enfermeria.umich.mx\/wp-content\/uploads\/2026\/01\/image-1-922x1024.png\" alt=\"\" class=\"wp-image-4819\" style=\"aspect-ratio:0.9003990217531214;object-fit:cover;width:40px\" srcset=\"http:\/\/www.enfermeria.umich.mx\/wp-content\/uploads\/2026\/01\/image-1-922x1024.png 922w, http:\/\/www.enfermeria.umich.mx\/wp-content\/uploads\/2026\/01\/image-1-270x300.png 270w, http:\/\/www.enfermeria.umich.mx\/wp-content\/uploads\/2026\/01\/image-1.png 2000w\" sizes=\"auto, (max-width: 922px) 100vw, 922px\" \/><\/figure>\n<\/div><\/div><\/div>\n\n\n\n<div class=\"wp-block-stackable-column stk-block-column stk-column stk-block stk-bdc4f51\" data-v=\"4\" data-block-id=\"bdc4f51\"><style>.stk-bdc4f51-container{margin-top:0px !important;margin-right:0px !important;margin-bottom:0px !important;margin-left:0px !important;}<\/style><div class=\"stk-column-wrapper stk-block-column__content stk-container stk-bdc4f51-container stk--no-background stk--no-padding\"><div class=\"stk-block-content stk-inner-blocks stk-bdc4f51-inner-blocks\">\n<figure class=\"wp-block-image aligncenter size-large is-resized\"><img loading=\"lazy\" decoding=\"async\" width=\"621\" height=\"1024\" data-attachment-id=\"5532\" data-permalink=\"http:\/\/www.enfermeria.umich.mx\/index.php\/titulacion-2\/titulacion\/\" data-orig-file=\"http:\/\/www.enfermeria.umich.mx\/wp-content\/uploads\/2026\/02\/Titulacion-scaled.png\" data-orig-size=\"1552,2560\" data-comments-opened=\"1\" data-image-meta=\"{&quot;aperture&quot;:&quot;0&quot;,&quot;credit&quot;:&quot;&quot;,&quot;camera&quot;:&quot;&quot;,&quot;caption&quot;:&quot;&quot;,&quot;created_timestamp&quot;:&quot;0&quot;,&quot;copyright&quot;:&quot;&quot;,&quot;focal_length&quot;:&quot;0&quot;,&quot;iso&quot;:&quot;0&quot;,&quot;shutter_speed&quot;:&quot;0&quot;,&quot;title&quot;:&quot;&quot;,&quot;orientation&quot;:&quot;0&quot;}\" data-image-title=\"Titulacio\u0301n\" data-image-description=\"\" data-image-caption=\"\" data-large-file=\"http:\/\/www.enfermeria.umich.mx\/wp-content\/uploads\/2026\/02\/Titulacion-621x1024.png\" src=\"http:\/\/www.enfermeria.umich.mx\/wp-content\/uploads\/2026\/02\/Titulacion-621x1024.png\" alt=\"\" class=\"wp-image-5532\" style=\"aspect-ratio:0.6064498620471301;width:577px;height:auto\" srcset=\"http:\/\/www.enfermeria.umich.mx\/wp-content\/uploads\/2026\/02\/Titulacion-621x1024.png 621w, http:\/\/www.enfermeria.umich.mx\/wp-content\/uploads\/2026\/02\/Titulacion-182x300.png 182w, http:\/\/www.enfermeria.umich.mx\/wp-content\/uploads\/2026\/02\/Titulacion-2000x3299.png 2000w, http:\/\/www.enfermeria.umich.mx\/wp-content\/uploads\/2026\/02\/Titulacion-scaled.png 1552w\" sizes=\"auto, (max-width: 621px) 100vw, 621px\" \/><\/figure>\n\n\n\n<div class=\"wp-block-group has-border-color has-white-background-color has-background has-global-padding is-layout-constrained wp-container-core-group-is-layout-91b1cda6 wp-block-group-is-layout-constrained\" style=\"border-color:#acacac;border-style:solid;border-width:2px;border-top-left-radius:0px;border-top-right-radius:0px;border-bottom-left-radius:0px;border-bottom-right-radius:0px;margin-top:0;margin-bottom:0;padding-top:var(--wp--preset--spacing--x-small);padding-right:var(--wp--preset--spacing--small);padding-bottom:var(--wp--preset--spacing--x-small);padding-left:var(--wp--preset--spacing--small);box-shadow:var(--wp--preset--shadow--natural)\">\n<div class=\"wp-block-group has-global-padding is-layout-constrained wp-block-group-is-layout-constrained\">\n<h3 class=\"wp-block-heading has-text-align-center\"><br>Dec\u00e1logo del C\u00f3digo de \u00c9tica para <br>las Enfermeras y Enfermeros de M\u00e9xico<\/h3>\n\n\n\n<figure class=\"wp-block-image aligncenter size-full is-resized wp-duotone-unset-2\"><img loading=\"lazy\" decoding=\"async\" width=\"437\" height=\"436\" data-attachment-id=\"6326\" data-permalink=\"http:\/\/www.enfermeria.umich.mx\/index.php\/titulacion-2\/voto-florence0-5x\/\" data-orig-file=\"http:\/\/www.enfermeria.umich.mx\/wp-content\/uploads\/2026\/04\/Voto-Florence@0.5x.png\" data-orig-size=\"437,436\" data-comments-opened=\"1\" data-image-meta=\"{&quot;aperture&quot;:&quot;0&quot;,&quot;credit&quot;:&quot;&quot;,&quot;camera&quot;:&quot;&quot;,&quot;caption&quot;:&quot;&quot;,&quot;created_timestamp&quot;:&quot;0&quot;,&quot;copyright&quot;:&quot;&quot;,&quot;focal_length&quot;:&quot;0&quot;,&quot;iso&quot;:&quot;0&quot;,&quot;shutter_speed&quot;:&quot;0&quot;,&quot;title&quot;:&quot;&quot;,&quot;orientation&quot;:&quot;0&quot;}\" data-image-title=\"Voto Florence@0.5x\" data-image-description=\"\" data-image-caption=\"\" data-large-file=\"http:\/\/www.enfermeria.umich.mx\/wp-content\/uploads\/2026\/04\/Voto-Florence@0.5x.png\" src=\"http:\/\/www.enfermeria.umich.mx\/wp-content\/uploads\/2026\/04\/Voto-Florence@0.5x.png\" alt=\"\" class=\"wp-image-6326\" style=\"aspect-ratio:1.0023239365464283;width:177px;height:auto\" srcset=\"http:\/\/www.enfermeria.umich.mx\/wp-content\/uploads\/2026\/04\/Voto-Florence@0.5x.png 437w, http:\/\/www.enfermeria.umich.mx\/wp-content\/uploads\/2026\/04\/Voto-Florence@0.5x-300x300.png 300w, http:\/\/www.enfermeria.umich.mx\/wp-content\/uploads\/2026\/04\/Voto-Florence@0.5x-150x150.png 150w\" sizes=\"auto, (max-width: 437px) 100vw, 437px\" \/><\/figure>\n\n\n\n<p class=\"has-text-align-left\">La observancia del c\u00f3digo de \u00c9tica, para el personal de enfermer\u00eda <br>los compromete a:<br><br><\/p>\n<\/div>\n\n\n\n<ol style=\"list-style-type:upper-roman\" class=\"wp-block-list\">\n<li>Respetar y cuidar la vida y los derechos de los humanos, manteniendo una conducta honesta y leal en el cuidado de las personas.<br><br><\/li>\n\n\n\n<li>Proteger la integridad de las personas ante cualquier afectaci\u00f3n, otorgando cuidados de enfermer\u00eda libres de riesgos.<br><br><\/li>\n\n\n\n<li>Mantener una relaci\u00f3n estrictamente profesional con las personas que atiende, sin distinci\u00f3n de raza, clase social, creencia religiosa y preferencia pol\u00edtica.<br><br><\/li>\n\n\n\n<li>Asumir la responsabilidad como miembro del equipo de salud, enfocando los cuidados hacia la conservaci\u00f3n de la salud y prevenci\u00f3n del da\u00f1o.<br><br><\/li>\n\n\n\n<li>Guardar el secreto profesional observando los l\u00edmites del mismo, ante riesgo o da\u00f1o a la propia persona o a terceros.<br><br><\/li>\n\n\n\n<li>Procurar que el entorno laboral sea seguro tanto como las personas, sujeto de la atenci\u00f3n de enfermer\u00eda, como para quienes conforman el equipo de salud.<br><br><\/li>\n\n\n\n<li>Evitar la competencia desleal y compartir con estudiantes y colegas experiencias y conocimientos en beneficio de las personas y de la comunidad de enfermer\u00eda.<br><br><\/li>\n\n\n\n<li>Asumir el compromiso responsable de actualizar y aplicar los conocimientos cient\u00edficos, t\u00e9cnicos y human\u00edsticos de acuerdo con su competencia profesional.<br><br><\/li>\n\n\n\n<li>Pugnar por el desarrollo de la profesi\u00f3n y dignificar su ejercicio.<br><br><\/li>\n\n\n\n<li>Fomentar la participaci\u00f3n y el esp\u00edritu de grupo para lograr los fines profesionales.<br><\/li>\n<\/ol>\n\n\n\n<hr class=\"wp-block-separator has-alpha-channel-opacity\"\/>\n<\/div>\n<\/div><\/div><\/div>\n<\/div><\/div>\n\n\n\n<div class=\"wp-block-stackable-divider stk-block-divider stk-block stk-67e0de8\" data-block-id=\"67e0de8\"><hr class=\"stk-block-divider__hr\"\/><\/div>\n\n\n\n<p><\/p>\n","protected":false},"excerpt":{"rendered":"<p>Las modalidades de titulaci\u00f3n de la Licenciatura en Enfermer\u00eda se alinean con el Plan de Estudios vigente y el marco jur\u00eddico de la Universidad Michoacana de San Nicol\u00e1s de Hidalgo. Asimismo, los lineamientos espec\u00edficos se detallan en el Reglamento de Titulaci\u00f3n de la Facultad, el cual guarda total congruencia con el Reglamento General de Ex\u00e1menes &hellip; <\/p>\n<p class=\"link-more\"><a href=\"http:\/\/www.enfermeria.umich.mx\/index.php\/titulacion-2\/\" class=\"more-link\">Leer m\u00e1s<span class=\"screen-reader-text\"> \u00abTitulaci\u00f3n\u00bb<\/span><\/a><\/p>\n","protected":false},"author":2,"featured_media":0,"parent":0,"menu_order":0,"comment_status":"closed","ping_status":"closed","template":"","meta":{"inspiro_hide_title":false,"footnotes":""},"class_list":["post-219","page","type-page","status-publish","hentry"],"jetpack_likes_enabled":true,"jetpack_sharing_enabled":true,"_links":{"self":[{"href":"http:\/\/www.enfermeria.umich.mx\/index.php\/wp-json\/wp\/v2\/pages\/219","targetHints":{"allow":["GET"]}}],"collection":[{"href":"http:\/\/www.enfermeria.umich.mx\/index.php\/wp-json\/wp\/v2\/pages"}],"about":[{"href":"http:\/\/www.enfermeria.umich.mx\/index.php\/wp-json\/wp\/v2\/types\/page"}],"author":[{"embeddable":true,"href":"http:\/\/www.enfermeria.umich.mx\/index.php\/wp-json\/wp\/v2\/users\/2"}],"replies":[{"embeddable":true,"href":"http:\/\/www.enfermeria.umich.mx\/index.php\/wp-json\/wp\/v2\/comments?post=219"}],"version-history":[{"count":141,"href":"http:\/\/www.enfermeria.umich.mx\/index.php\/wp-json\/wp\/v2\/pages\/219\/revisions"}],"predecessor-version":[{"id":6337,"href":"http:\/\/www.enfermeria.umich.mx\/index.php\/wp-json\/wp\/v2\/pages\/219\/revisions\/6337"}],"wp:attachment":[{"href":"http:\/\/www.enfermeria.umich.mx\/index.php\/wp-json\/wp\/v2\/media?parent=219"}],"curies":[{"name":"wp","href":"https:\/\/api.w.org\/{rel}","templated":true}]}}