{"id":212,"date":"2023-09-28T00:45:20","date_gmt":"2023-09-28T00:45:20","guid":{"rendered":"http:\/\/www.enfermeria.umich.mx\/?page_id=212"},"modified":"2026-04-15T12:42:28","modified_gmt":"2026-04-15T18:42:28","slug":"tutorias","status":"publish","type":"page","link":"http:\/\/www.enfermeria.umich.mx\/index.php\/tutorias\/","title":{"rendered":"Tutor\u00edas"},"content":{"rendered":"\n<div class=\"wp-block-stackable-columns stk-block-columns stk-block stk-3a94628\" data-block-id=\"3a94628\"><style>.stk-3a94628 {margin-bottom:40px !important;}.stk-3a94628-column{--stk-columns-spacing:0px !important;--stk-column-gap:40px !important;}<\/style><div class=\"stk-row stk-inner-blocks stk-block-content stk-content-align stk-3a94628-column\">\n<div class=\"wp-block-stackable-column stk-block-column stk-column stk-block stk-88fad69\" data-v=\"4\" data-block-id=\"88fad69\"><div class=\"stk-column-wrapper stk-block-column__content stk-container stk-88fad69-container stk--no-background stk--no-padding\"><div class=\"stk-block-content stk-inner-blocks stk-88fad69-inner-blocks\">\n<p>La tutor\u00eda es una actividad fundamental para la formaci\u00f3n integral de los alumnos de la Facultad de Enfermer\u00eda. Su objetivo es orientarlos hacia una educaci\u00f3n de calidad que les permita integrarse plenamente en la sociedad del conocimiento, potenciando sus valores y costumbres sociales. Asimismo, busca fortalecer sus dimensiones emocional, acad\u00e9mica, f\u00edsica y art\u00edstica, concentrando esfuerzos en combatir el bajo rendimiento, el rezago acad\u00e9mico y los \u00edndices de deserci\u00f3n.<\/p>\n\n\n\n<h2 class=\"wp-block-heading\"><strong>Tipos de tutor\u00eda:<\/strong><\/h2>\n\n\n\n<ul class=\"wp-block-list\">\n<li><strong>Tutor\u00eda personalizada,<\/strong>&nbsp;es la relaci\u00f3n directa entre el estudiante y un profesor tutor, quien apoya, orienta, gu\u00eda y apoya para que cubra sus necesidades acad\u00e9micas.<br><\/li>\n\n\n\n<li><strong>Tutor\u00eda Grupal,<\/strong>&nbsp;se asigna un docente tutor que apoya a un grupo reducido de estudiantes y promueve su integraci\u00f3n al entorno escolar y sociocultural.<br><\/li>\n\n\n\n<li><strong>Tutor\u00eda de pares<\/strong>, es realizada por iniciativa propia de estudiantes que de manera solidaria asumen la responsabilidad de apoyar a otros estudiantes.<\/li>\n<\/ul>\n\n\n\n<h2 class=\"wp-block-heading\">\u00bfC\u00f3mo se hace la&nbsp;<strong>asignaci\u00f3n de tutor<\/strong>?<\/h2>\n\n\n\n<ul class=\"wp-block-list\">\n<li>Asignaci\u00f3n directa<\/li>\n\n\n\n<li>Por empat\u00eda<\/li>\n\n\n\n<li>Por solicitud del docente tutor<\/li>\n\n\n\n<li>Por solicitud de la Cl\u00ednica del estudiante<\/li>\n<\/ul>\n\n\n\n<h2 class=\"wp-block-heading\">\u00bf<strong>En d\u00f3nde<\/strong>&nbsp;se realiza la actividad de tutor\u00edas?<\/h2>\n\n\n\n<p>En las instalaciones de la Facultad de Enfermer\u00eda.<br>Las sesiones duran de 45 minutos a 1 hora.<\/p>\n\n\n\n<h2 class=\"wp-block-heading\">Infograf\u00eda<\/h2>\n\n\n\n<figure data-wp-context=\"{&quot;imageId&quot;:&quot;69e5b5703b7c5&quot;}\" data-wp-interactive=\"core\/image\" data-wp-key=\"69e5b5703b7c5\" class=\"wp-block-image size-large wp-lightbox-container\"><img loading=\"lazy\" decoding=\"async\" width=\"1024\" height=\"559\" data-attachment-id=\"6322\" data-permalink=\"http:\/\/www.enfermeria.umich.mx\/index.php\/tutorias\/infografia-tutorias0-5x\/\" data-orig-file=\"http:\/\/www.enfermeria.umich.mx\/wp-content\/uploads\/2026\/04\/Infografia-Tutorias@0.5x.png\" data-orig-size=\"2112,1152\" data-comments-opened=\"1\" data-image-meta=\"{&quot;aperture&quot;:&quot;0&quot;,&quot;credit&quot;:&quot;&quot;,&quot;camera&quot;:&quot;&quot;,&quot;caption&quot;:&quot;&quot;,&quot;created_timestamp&quot;:&quot;0&quot;,&quot;copyright&quot;:&quot;&quot;,&quot;focal_length&quot;:&quot;0&quot;,&quot;iso&quot;:&quot;0&quot;,&quot;shutter_speed&quot;:&quot;0&quot;,&quot;title&quot;:&quot;&quot;,&quot;orientation&quot;:&quot;0&quot;}\" data-image-title=\"Infografi\u0301a Tutori\u0301as@0.5x\" data-image-description=\"\" data-image-caption=\"\" data-large-file=\"http:\/\/www.enfermeria.umich.mx\/wp-content\/uploads\/2026\/04\/Infografia-Tutorias@0.5x-1024x559.png\" data-wp-class--hide=\"state.isContentHidden\" data-wp-class--show=\"state.isContentVisible\" data-wp-init=\"callbacks.setButtonStyles\" data-wp-on--click=\"actions.showLightbox\" data-wp-on--load=\"callbacks.setButtonStyles\" data-wp-on-window--resize=\"callbacks.setButtonStyles\" src=\"http:\/\/www.enfermeria.umich.mx\/wp-content\/uploads\/2026\/04\/Infografia-Tutorias@0.5x-1024x559.png\" alt=\"\" class=\"wp-image-6322\" style=\"box-shadow:var(--wp--preset--shadow--natural)\" srcset=\"http:\/\/www.enfermeria.umich.mx\/wp-content\/uploads\/2026\/04\/Infografia-Tutorias@0.5x-1024x559.png 1024w, http:\/\/www.enfermeria.umich.mx\/wp-content\/uploads\/2026\/04\/Infografia-Tutorias@0.5x-300x164.png 300w, http:\/\/www.enfermeria.umich.mx\/wp-content\/uploads\/2026\/04\/Infografia-Tutorias@0.5x-2000x1091.png 2000w\" sizes=\"auto, (max-width: 1024px) 100vw, 1024px\" \/><button\n\t\t\tclass=\"lightbox-trigger\"\n\t\t\ttype=\"button\"\n\t\t\taria-haspopup=\"dialog\"\n\t\t\taria-label=\"Agrandar\"\n\t\t\tdata-wp-init=\"callbacks.initTriggerButton\"\n\t\t\tdata-wp-on--click=\"actions.showLightbox\"\n\t\t\tdata-wp-style--right=\"state.imageButtonRight\"\n\t\t\tdata-wp-style--top=\"state.imageButtonTop\"\n\t\t>\n\t\t\t<svg xmlns=\"http:\/\/www.w3.org\/2000\/svg\" width=\"12\" height=\"12\" fill=\"none\" viewBox=\"0 0 12 12\">\n\t\t\t\t<path fill=\"#fff\" d=\"M2 0a2 2 0 0 0-2 2v2h1.5V2a.5.5 0 0 1 .5-.5h2V0H2Zm2 10.5H2a.5.5 0 0 1-.5-.5V8H0v2a2 2 0 0 0 2 2h2v-1.5ZM8 12v-1.5h2a.5.5 0 0 0 .5-.5V8H12v2a2 2 0 0 1-2 2H8Zm2-12a2 2 0 0 1 2 2v2h-1.5V2a.5.5 0 0 0-.5-.5H8V0h2Z\" \/>\n\t\t\t<\/svg>\n\t\t<\/button><\/figure>\n\n\n\n<figure class=\"wp-block-image aligncenter size-large is-resized\"><img loading=\"lazy\" decoding=\"async\" width=\"922\" height=\"1024\" data-attachment-id=\"4819\" data-permalink=\"http:\/\/www.enfermeria.umich.mx\/index.php\/servicio-social-2\/image-3\/\" data-orig-file=\"http:\/\/www.enfermeria.umich.mx\/wp-content\/uploads\/2026\/01\/image-1.png\" data-orig-size=\"2000,2222\" data-comments-opened=\"1\" data-image-meta=\"{&quot;aperture&quot;:&quot;0&quot;,&quot;credit&quot;:&quot;&quot;,&quot;camera&quot;:&quot;&quot;,&quot;caption&quot;:&quot;&quot;,&quot;created_timestamp&quot;:&quot;0&quot;,&quot;copyright&quot;:&quot;&quot;,&quot;focal_length&quot;:&quot;0&quot;,&quot;iso&quot;:&quot;0&quot;,&quot;shutter_speed&quot;:&quot;0&quot;,&quot;title&quot;:&quot;&quot;,&quot;orientation&quot;:&quot;0&quot;}\" data-image-title=\"image\" data-image-description=\"\" data-image-caption=\"\" data-large-file=\"http:\/\/www.enfermeria.umich.mx\/wp-content\/uploads\/2026\/01\/image-1-922x1024.png\" src=\"http:\/\/www.enfermeria.umich.mx\/wp-content\/uploads\/2026\/01\/image-1-922x1024.png\" alt=\"\" class=\"wp-image-4819\" style=\"width:40px\" srcset=\"http:\/\/www.enfermeria.umich.mx\/wp-content\/uploads\/2026\/01\/image-1-922x1024.png 922w, http:\/\/www.enfermeria.umich.mx\/wp-content\/uploads\/2026\/01\/image-1-270x300.png 270w, http:\/\/www.enfermeria.umich.mx\/wp-content\/uploads\/2026\/01\/image-1.png 2000w\" sizes=\"auto, (max-width: 922px) 100vw, 922px\" \/><\/figure>\n<\/div><\/div><\/div>\n\n\n\n<div class=\"wp-block-stackable-column stk-block-column stk-column stk-block stk-25ebd27\" data-v=\"4\" data-block-id=\"25ebd27\"><div class=\"stk-column-wrapper stk-block-column__content stk-container stk-25ebd27-container stk--no-background stk--no-padding\"><div class=\"stk-block-content stk-inner-blocks stk-25ebd27-inner-blocks\"><\/div><\/div><\/div>\n<\/div><\/div>\n\n\n\n<div class=\"wp-block-stackable-divider stk-block-divider stk-block stk-8128070\" data-block-id=\"8128070\"><style>.stk-8128070 {margin-bottom:0px !important;}<\/style><hr class=\"stk-block-divider__hr\"\/><\/div>\n\n\n\n<p><\/p>\n","protected":false},"excerpt":{"rendered":"<p>La tutor\u00eda es una actividad fundamental para la formaci\u00f3n integral de los alumnos de la Facultad de Enfermer\u00eda. Su objetivo es orientarlos hacia una educaci\u00f3n de calidad que les permita integrarse plenamente en la sociedad del conocimiento, potenciando sus valores y costumbres sociales. Asimismo, busca fortalecer sus dimensiones emocional, acad\u00e9mica, f\u00edsica y art\u00edstica, concentrando esfuerzos &hellip; <\/p>\n<p class=\"link-more\"><a href=\"http:\/\/www.enfermeria.umich.mx\/index.php\/tutorias\/\" class=\"more-link\">Leer m\u00e1s<span class=\"screen-reader-text\"> \u00abTutor\u00edas\u00bb<\/span><\/a><\/p>\n","protected":false},"author":2,"featured_media":0,"parent":0,"menu_order":0,"comment_status":"closed","ping_status":"closed","template":"","meta":{"inspiro_hide_title":false,"footnotes":""},"class_list":["post-212","page","type-page","status-publish","hentry"],"jetpack_likes_enabled":true,"jetpack_sharing_enabled":true,"_links":{"self":[{"href":"http:\/\/www.enfermeria.umich.mx\/index.php\/wp-json\/wp\/v2\/pages\/212","targetHints":{"allow":["GET"]}}],"collection":[{"href":"http:\/\/www.enfermeria.umich.mx\/index.php\/wp-json\/wp\/v2\/pages"}],"about":[{"href":"http:\/\/www.enfermeria.umich.mx\/index.php\/wp-json\/wp\/v2\/types\/page"}],"author":[{"embeddable":true,"href":"http:\/\/www.enfermeria.umich.mx\/index.php\/wp-json\/wp\/v2\/users\/2"}],"replies":[{"embeddable":true,"href":"http:\/\/www.enfermeria.umich.mx\/index.php\/wp-json\/wp\/v2\/comments?post=212"}],"version-history":[{"count":4,"href":"http:\/\/www.enfermeria.umich.mx\/index.php\/wp-json\/wp\/v2\/pages\/212\/revisions"}],"predecessor-version":[{"id":6323,"href":"http:\/\/www.enfermeria.umich.mx\/index.php\/wp-json\/wp\/v2\/pages\/212\/revisions\/6323"}],"wp:attachment":[{"href":"http:\/\/www.enfermeria.umich.mx\/index.php\/wp-json\/wp\/v2\/media?parent=212"}],"curies":[{"name":"wp","href":"https:\/\/api.w.org\/{rel}","templated":true}]}}